{"id":1533,"date":"2025-07-22T06:32:38","date_gmt":"2025-07-22T06:32:38","guid":{"rendered":"https:\/\/www.sedackyajnamieru.sk\/wordpress\/?page_id=1533"},"modified":"2025-09-22T09:35:58","modified_gmt":"2025-09-22T09:35:58","slug":"ako-si-objednat-sedacku","status":"publish","type":"page","link":"https:\/\/www.sedackyajnamieru.sk\/hu\/infozona\/ako-si-objednat-sedacku\/","title":{"rendered":"Hogyan v\u00e1s\u00e1roljunk"},"content":{"rendered":"<div data-elementor-type=\"wp-post\" data-elementor-id=\"1533\" class=\"elementor elementor-1533\" data-elementor-post-type=\"page\">\n\t\t\t\t<div class=\"elementor-element elementor-element-4458b67 e-grid e-con-full e-con e-parent\" data-id=\"4458b67\" data-element_type=\"container\" data-e-type=\"container\" data-settings=\"{&quot;background_background&quot;:&quot;classic&quot;}\">\n\t\t<div class=\"elementor-element elementor-element-c7d8c67 e-flex e-con-boxed e-con e-child\" data-id=\"c7d8c67\" data-element_type=\"container\" data-e-type=\"container\" data-settings=\"{&quot;background_background&quot;:&quot;classic&quot;}\">\n\t\t\t\t\t<div class=\"e-con-inner\">\n\t\t\t\t<div class=\"elementor-element elementor-element-2a3b53a elementor-widget elementor-widget-heading\" data-id=\"2a3b53a\" data-element_type=\"widget\" data-e-type=\"widget\" data-widget_type=\"heading.default\">\n\t\t\t\t<div class=\"elementor-widget-container\">\n\t\t\t\t\t<h1 class=\"elementor-heading-title elementor-size-default\">Ako si objedna\u0165 seda\u010dku na mieru \u2013 kompletn\u00fd sprievodca<\/h1>\t\t\t\t<\/div>\n\t\t\t\t<\/div>\n\t\t\t\t<div class=\"elementor-element elementor-element-88a8aee elementor-widget elementor-widget-heading\" data-id=\"88a8aee\" data-element_type=\"widget\" data-e-type=\"widget\" data-widget_type=\"heading.default\">\n\t\t\t\t<div class=\"elementor-widget-container\">\n\t\t\t\t\t<h3 class=\"elementor-heading-title elementor-size-default\">\u010co by ste mali vedie\u0165 pred objednan\u00edm seda\u010dky<\/h3>\t\t\t\t<\/div>\n\t\t\t\t<\/div>\n\t\t\t\t<div class=\"elementor-element elementor-element-f0cbea3 elementor-widget elementor-widget-text-editor\" data-id=\"f0cbea3\" data-element_type=\"widget\" data-e-type=\"widget\" data-widget_type=\"text-editor.default\">\n\t\t\t\t<div class=\"elementor-widget-container\">\n\t\t\t\t\t\t\t\t\t<p data-start=\"175\" data-end=\"543\">Ak sa rozhodujete pre <strong data-start=\"197\" data-end=\"217\">seda\u010dku na mieru<\/strong>, ste na spr\u00e1vnom mieste. Na\u0161a spolo\u010dnos\u0165 sa \u0161pecializuje na v\u00fdrobu kvalitn\u00fdch sedac\u00edch s\u00faprav presne pod\u013ea po\u017eiadaviek z\u00e1kazn\u00edkov. V tomto \u010dl\u00e1nku v\u00e1m vysvetl\u00edme, ako prebieha proces n\u00e1vrhu a objednania seda\u010dky, ak\u00e9 inform\u00e1cie od v\u00e1s budeme potrebova\u0165 a na \u010do si da\u0165 pozor, aby va\u0161a nov\u00e1 seda\u010dka dokonale zapadla do interi\u00e9ru.<\/p><hr data-start=\"545\" data-end=\"548\" \/><h2 style=\"text-align: left;\" data-start=\"550\" data-end=\"592\">1. Presn\u00e9 zameranie priestoru je z\u00e1klad<\/h2><p data-start=\"594\" data-end=\"790\">Najd\u00f4le\u017eitej\u0161\u00edm krokom pri v\u00fdbere seda\u010dky na mieru je <strong data-start=\"648\" data-end=\"680\">spr\u00e1vne zameranie miestnosti<\/strong>. Seda\u010dku dok\u00e1\u017eeme vyrobi\u0165 s presnos\u0165ou na jeden centimeter, preto je d\u00f4le\u017eit\u00e9 zoh\u013eadni\u0165 aj v\u0161etky prek\u00e1\u017eky:<\/p><ul data-start=\"791\" data-end=\"878\"><li data-start=\"791\" data-end=\"805\"><p data-start=\"793\" data-end=\"805\">radi\u00e1tory,<\/p><\/li><li data-start=\"806\" data-end=\"819\"><p data-start=\"808\" data-end=\"819\">parapety,<\/p><\/li><li data-start=\"820\" data-end=\"844\"><p data-start=\"822\" data-end=\"844\">z\u00e1str\u010dky a vyp\u00edna\u010de,<\/p><\/li><li data-start=\"845\" data-end=\"878\"><p data-start=\"847\" data-end=\"878\">pr\u00edpadn\u00e9 stavebn\u00e9 nerovnosti.<\/p><\/li><\/ul><p data-start=\"880\" data-end=\"953\">Spr\u00e1vne zameranie v\u00e1m zabezpe\u010d\u00ed pohodln\u00e9 pou\u017e\u00edvanie a estetick\u00fd v\u00fdsledok.<\/p><hr data-start=\"955\" data-end=\"958\" \/><h2 style=\"text-align: left;\" data-start=\"960\" data-end=\"1006\">2. Vyberte si zostavu seda\u010dky pod\u013ea potrieb<\/h2><p data-start=\"1008\" data-end=\"1079\">Nie je seda\u010dka ako seda\u010dka. U\u017e na za\u010diatku si premyslite, \u010di h\u013ead\u00e1te:<\/p><ul data-start=\"1080\" data-end=\"1182\"><li data-start=\"1080\" data-end=\"1096\"><p data-start=\"1082\" data-end=\"1096\"><strong data-start=\"1082\" data-end=\"1093\">pohovku<\/strong>,<\/p><\/li><li data-start=\"1097\" data-end=\"1125\"><p data-start=\"1099\" data-end=\"1125\"><strong data-start=\"1099\" data-end=\"1122\">lavicu alebo kreslo<\/strong>,<\/p><\/li><li data-start=\"1126\" data-end=\"1149\"><p data-start=\"1128\" data-end=\"1149\"><strong data-start=\"1128\" data-end=\"1146\">rohov\u00fa seda\u010dku<\/strong>,<\/p><\/li><li data-start=\"1150\" data-end=\"1182\"><p data-start=\"1152\" data-end=\"1182\">alebo priestrann\u00e9 <strong data-start=\"1170\" data-end=\"1179\">U-\u010dko<\/strong>.<\/p><\/li><\/ul><p data-start=\"1184\" data-end=\"1264\">Pod\u013ea va\u0161ich potrieb a ve\u013ekosti priestoru v\u00e1m odporu\u010d\u00edme najvhodnej\u0161ie rie\u0161enie.<\/p><hr data-start=\"1266\" data-end=\"1269\" \/><h2 style=\"text-align: left;\" data-start=\"1271\" data-end=\"1300\">3. V\u00fdber modelu a pohodlia<\/h2><p data-start=\"1302\" data-end=\"1516\">V na\u0161om showroome m\u00e1te mo\u017enos\u0165 vysk\u00fa\u0161a\u0165 si v\u0161etky dostupn\u00e9 modely. N\u00e1jdete tu aj <strong data-start=\"1383\" data-end=\"1410\">vzorky tvrdosti sedenia<\/strong>, aby ste si vedeli vybra\u0165 presne tak\u00fd komfort, ak\u00fd preferujete. Dizajn a ergon\u00f3mia id\u00fa u n\u00e1s ruka v ruke.<\/p><hr data-start=\"1518\" data-end=\"1521\" \/><h2 style=\"text-align: left;\" data-start=\"1523\" data-end=\"1574\">4. Po\u0165ahov\u00e9 materi\u00e1ly \u2013 stovky mo\u017enost\u00ed na v\u00fdber<\/h2><p data-start=\"1576\" data-end=\"1640\">Po v\u00fdbere modelu prich\u00e1dza na rad <strong data-start=\"1610\" data-end=\"1627\">po\u0165ah seda\u010dky<\/strong>. Pon\u00fakame:<\/p><ul data-start=\"1641\" data-end=\"1787\"><li data-start=\"1641\" data-end=\"1684\"><p data-start=\"1643\" data-end=\"1684\">viac ako <strong data-start=\"1652\" data-end=\"1681\">100 farieb hov\u00e4dz\u00edch ko\u017e\u00ed<\/strong>,<\/p><\/li><li data-start=\"1685\" data-end=\"1726\"><p data-start=\"1687\" data-end=\"1726\">vy\u0161e <strong data-start=\"1692\" data-end=\"1723\">700 odtie\u0148ov a vzorov l\u00e1tok<\/strong>,<\/p><\/li><li data-start=\"1727\" data-end=\"1787\"><p data-start=\"1729\" data-end=\"1787\">\u0161peci\u00e1lne <strong data-start=\"1739\" data-end=\"1784\">vodeodpudiv\u00e9 a vodou \u010distite\u013en\u00e9 materi\u00e1ly<\/strong>.<\/p><\/li><\/ul><p data-start=\"1789\" data-end=\"1860\">V\u010faka \u0161irokej ponuke si ka\u017ed\u00fd n\u00e1jde ide\u00e1lne rie\u0161enie pre svoj interi\u00e9r.<\/p><hr data-start=\"1862\" data-end=\"1865\" \/><h2 style=\"text-align: left;\" data-start=\"1867\" data-end=\"1895\">5. Grafick\u00fd n\u00e1vrh seda\u010dky<\/h2><p data-start=\"1897\" data-end=\"2123\">Na vizualiz\u00e1ciu pou\u017e\u00edvame <strong data-start=\"1923\" data-end=\"1951\">grafick\u00e9 n\u00e1vrhy seda\u010diek<\/strong>. Jednoduch\u0161ie varianty vieme pripravi\u0165 priamo \u201ena po\u010dkanie\u201c. Pri n\u00e1ro\u010dnej\u0161\u00edch projektoch n\u00e1vrh obdr\u017e\u00edte mailom. Tak z\u00edskate jasn\u00fa predstavu, ako bude va\u0161a seda\u010dka vyzera\u0165.<\/p><hr data-start=\"2125\" data-end=\"2128\" \/><h2 style=\"text-align: left;\" data-start=\"2130\" data-end=\"2155\">6. Objedn\u00e1vka a v\u00fdroba<\/h2><p data-start=\"2157\" data-end=\"2192\">Po ods\u00fahlasen\u00ed v\u0161etk\u00fdch detailov:<\/p><ol data-start=\"2193\" data-end=\"2306\"><li data-start=\"2193\" data-end=\"2229\"><p data-start=\"2196\" data-end=\"2229\">vyp\u00ed\u0161eme objedn\u00e1vkov\u00fd formul\u00e1r,<\/p><\/li><li data-start=\"2230\" data-end=\"2270\"><p data-start=\"2233\" data-end=\"2270\">uhrad\u00edte minim\u00e1lne <strong data-start=\"2252\" data-end=\"2267\">50 % z\u00e1lohu<\/strong>,<\/p><\/li><li data-start=\"2271\" data-end=\"2306\"><p data-start=\"2274\" data-end=\"2306\">a seda\u010dka sa zarad\u00ed do v\u00fdroby.<\/p><\/li><\/ol><p data-start=\"2308\" data-end=\"2367\">Cel\u00fd proces je transparentn\u00fd a prisp\u00f4soben\u00fd va\u0161im potreb\u00e1m.<\/p><hr data-start=\"2369\" data-end=\"2372\" \/><h2 style=\"text-align: left;\" data-start=\"2374\" data-end=\"2421\">7. N\u00e1v\u0161teva showroomu \u2013 rezervujte si term\u00edn<\/h2><p data-start=\"2423\" data-end=\"2606\">Aby sme sa v\u00e1m mohli venova\u0165 naplno a bez \u010dasov\u00e9ho stresu, pros\u00edme o <strong data-start=\"2492\" data-end=\"2530\">rezerv\u00e1ciu term\u00ednu n\u00e1v\u0161tevy vopred<\/strong>. Tak vieme zabezpe\u010di\u0165 individu\u00e1lny pr\u00edstup a vyhnete sa zbyto\u010dn\u00e9mu \u010dakaniu.<\/p><hr data-start=\"2608\" data-end=\"2611\" \/><h2 style=\"text-align: left;\" data-start=\"2613\" data-end=\"2623\">Zhrnutie<\/h2><p data-start=\"2625\" data-end=\"2879\">Objednanie seda\u010dky na mieru je jednoduch\u00e9, ak pozn\u00e1te spr\u00e1vny postup. K\u013e\u00fa\u010dom k \u00faspechu je presn\u00e9 zameranie priestoru, v\u00fdber vhodnej zostavy, materi\u00e1lu a n\u00e1sledn\u00e1 vizualiz\u00e1cia. U n\u00e1s m\u00e1te istotu, \u017ee z\u00edskate seda\u010dku, ktor\u00e1 dokonale zapadne do v\u00e1\u0161ho domova.<\/p>\t\t\t\t\t\t\t\t<\/div>\n\t\t\t\t<\/div>\n\t\t\t\t\t<\/div>\n\t\t\t\t<\/div>\n\t\t\t\t<\/div>\n\t\t\t\t<\/div>","protected":false},"excerpt":{"rendered":"<p>Ako si objedna\u0165 seda\u010dku na mieru \u2013 kompletn\u00fd sprievodca \u010co by ste mali vedie\u0165 pred objednan\u00edm seda\u010dky Ak sa rozhodujete pre seda\u010dku na mieru, ste na spr\u00e1vnom mieste. Na\u0161a spolo\u010dnos\u0165 sa \u0161pecializuje na v\u00fdrobu kvalitn\u00fdch sedac\u00edch s\u00faprav presne pod\u013ea po\u017eiadaviek z\u00e1kazn\u00edkov. V tomto \u010dl\u00e1nku v\u00e1m vysvetl\u00edme, ako prebieha proces n\u00e1vrhu a objednania seda\u010dky, ak\u00e9 inform\u00e1cie [&hellip;]<\/p>\n","protected":false},"author":1,"featured_media":0,"parent":1395,"menu_order":0,"comment_status":"closed","ping_status":"closed","template":"","meta":{"inline_featured_image":false,"site-sidebar-layout":"no-sidebar","site-content-layout":"page-builder","ast-site-content-layout":"default","site-content-style":"default","site-sidebar-style":"default","ast-global-header-display":"","ast-banner-title-visibility":"","ast-main-header-display":"","ast-hfb-above-header-display":"","ast-hfb-below-header-display":"","ast-hfb-mobile-header-display":"","site-post-title":"disabled","ast-breadcrumbs-content":"","ast-featured-img":"disabled","footer-sml-layout":"","theme-transparent-header-meta":"enabled","adv-header-id-meta":"","stick-header-meta":"","header-above-stick-meta":"","header-main-stick-meta":"","header-below-stick-meta":"","astra-migrate-meta-layouts":"default","ast-page-background-enabled":"default","ast-page-background-meta":{"desktop":{"background-color":"","background-image":"","background-repeat":"repeat","background-position":"center center","background-size":"auto","background-attachment":"scroll","background-type":"","background-media":"","overlay-type":"","overlay-color":"","overlay-opacity":"","overlay-gradient":""},"tablet":{"background-color":"","background-image":"","background-repeat":"repeat","background-position":"center center","background-size":"auto","background-attachment":"scroll","background-type":"","background-media":"","overlay-type":"","overlay-color":"","overlay-opacity":"","overlay-gradient":""},"mobile":{"background-color":"","background-image":"","background-repeat":"repeat","background-position":"center center","background-size":"auto","background-attachment":"scroll","background-type":"","background-media":"","overlay-type":"","overlay-color":"","overlay-opacity":"","overlay-gradient":""}},"ast-content-background-meta":{"desktop":{"background-color":"var(--ast-global-color-5)","background-image":"","background-repeat":"repeat","background-position":"center center","background-size":"auto","background-attachment":"scroll","background-type":"","background-media":"","overlay-type":"","overlay-color":"","overlay-opacity":"","overlay-gradient":""},"tablet":{"background-color":"var(--ast-global-color-5)","background-image":"","background-repeat":"repeat","background-position":"center center","background-size":"auto","background-attachment":"scroll","background-type":"","background-media":"","overlay-type":"","overlay-color":"","overlay-opacity":"","overlay-gradient":""},"mobile":{"background-color":"var(--ast-global-color-5)","background-image":"","background-repeat":"repeat","background-position":"center center","background-size":"auto","background-attachment":"scroll","background-type":"","background-media":"","overlay-type":"","overlay-color":"","overlay-opacity":"","overlay-gradient":""}},"footnotes":""},"categories":[],"tags":[],"class_list":["post-1533","page","type-page","status-publish","hentry"],"yoast_head":"<!-- This site is optimized with the Yoast SEO Premium plugin v27.3 (Yoast SEO v27.3) - https:\/\/yoast.com\/product\/yoast-seo-premium-wordpress\/ -->\n<title>Ako si objedna\u0165 seda\u010dku na mieru | Kompletn\u00fd n\u00e1vod od MGT-PRO<\/title>\n<meta name=\"description\" content=\"Zistite, ako prebieha objedn\u00e1vka seda\u010dky na mieru \u2013 od zamerania priestoru, cez v\u00fdber modelu a po\u0165ahu a\u017e po grafick\u00fd n\u00e1vrh. Vyrob\u00edme seda\u010dku presne pod\u013ea va\u0161ich predst\u00e1v.\" \/>\n<meta name=\"robots\" content=\"index, follow, max-snippet:-1, max-image-preview:large, max-video-preview:-1\" \/>\n<link rel=\"canonical\" href=\"https:\/\/www.sedackyajnamieru.sk\/hu\/infozona\/ako-si-objednat-sedacku\/\" \/>\n<meta property=\"og:locale\" content=\"hu_HU\" \/>\n<meta property=\"og:type\" content=\"article\" \/>\n<meta property=\"og:title\" content=\"Ako si objedna\u0165 seda\u010dku\" \/>\n<meta property=\"og:description\" content=\"Zistite, ako prebieha objedn\u00e1vka seda\u010dky na mieru \u2013 od zamerania priestoru, cez v\u00fdber modelu a po\u0165ahu a\u017e po grafick\u00fd n\u00e1vrh. Vyrob\u00edme seda\u010dku presne pod\u013ea va\u0161ich predst\u00e1v.\" \/>\n<meta property=\"og:url\" content=\"https:\/\/www.sedackyajnamieru.sk\/hu\/infozona\/ako-si-objednat-sedacku\/\" \/>\n<meta property=\"og:site_name\" content=\"Seda\u010dky aj na mieru\" \/>\n<meta property=\"article:publisher\" content=\"https:\/\/www.facebook.com\/mgtpro\" \/>\n<meta property=\"article:modified_time\" content=\"2025-09-22T09:35:58+00:00\" \/>\n<meta name=\"twitter:card\" content=\"summary_large_image\" \/>\n<meta name=\"twitter:label1\" content=\"Becs\u00fclt olvas\u00e1si id\u0151\" \/>\n\t<meta name=\"twitter:data1\" content=\"3 perc\" \/>\n<script type=\"application\/ld+json\" class=\"yoast-schema-graph\">{\"@context\":\"https:\\\/\\\/schema.org\",\"@graph\":[{\"@type\":[\"Article\",\"BlogPosting\"],\"@id\":\"https:\\\/\\\/www.sedackyajnamieru.sk\\\/infozona\\\/ako-si-objednat-sedacku\\\/#article\",\"isPartOf\":{\"@id\":\"https:\\\/\\\/www.sedackyajnamieru.sk\\\/infozona\\\/ako-si-objednat-sedacku\\\/\"},\"author\":{\"name\":\"Gabriel M\u00e1t\u00e9\",\"@id\":\"https:\\\/\\\/www.sedackyajnamieru.sk\\\/#\\\/schema\\\/person\\\/2c43f9cd3df4d0b69cec9928dfa1db24\"},\"headline\":\"Ako si objedna\u0165 seda\u010dku\",\"datePublished\":\"2025-07-22T06:32:38+00:00\",\"dateModified\":\"2025-09-22T09:35:58+00:00\",\"mainEntityOfPage\":{\"@id\":\"https:\\\/\\\/www.sedackyajnamieru.sk\\\/infozona\\\/ako-si-objednat-sedacku\\\/\"},\"wordCount\":529,\"publisher\":{\"@id\":\"https:\\\/\\\/www.sedackyajnamieru.sk\\\/#organization\"},\"inLanguage\":\"hu\"},{\"@type\":[\"WebPage\",\"FAQPage\"],\"@id\":\"https:\\\/\\\/www.sedackyajnamieru.sk\\\/infozona\\\/ako-si-objednat-sedacku\\\/\",\"url\":\"https:\\\/\\\/www.sedackyajnamieru.sk\\\/infozona\\\/ako-si-objednat-sedacku\\\/\",\"name\":\"Ako si objedna\u0165 seda\u010dku na mieru | Kompletn\u00fd n\u00e1vod od MGT-PRO\",\"isPartOf\":{\"@id\":\"https:\\\/\\\/www.sedackyajnamieru.sk\\\/#website\"},\"datePublished\":\"2025-07-22T06:32:38+00:00\",\"dateModified\":\"2025-09-22T09:35:58+00:00\",\"description\":\"Zistite, ako prebieha objedn\u00e1vka seda\u010dky na mieru \u2013 od zamerania priestoru, cez v\u00fdber modelu a po\u0165ahu a\u017e po grafick\u00fd n\u00e1vrh. Vyrob\u00edme seda\u010dku presne pod\u013ea va\u0161ich predst\u00e1v.\",\"breadcrumb\":{\"@id\":\"https:\\\/\\\/www.sedackyajnamieru.sk\\\/infozona\\\/ako-si-objednat-sedacku\\\/#breadcrumb\"},\"inLanguage\":\"hu\",\"potentialAction\":[{\"@type\":\"ReadAction\",\"target\":[\"https:\\\/\\\/www.sedackyajnamieru.sk\\\/infozona\\\/ako-si-objednat-sedacku\\\/\"]}]},{\"@type\":\"BreadcrumbList\",\"@id\":\"https:\\\/\\\/www.sedackyajnamieru.sk\\\/infozona\\\/ako-si-objednat-sedacku\\\/#breadcrumb\",\"itemListElement\":[{\"@type\":\"ListItem\",\"position\":1,\"name\":\"Domovsk\u00e1 str\u00e1nka\",\"item\":\"https:\\\/\\\/www.sedackyajnamieru.sk\\\/\"},{\"@type\":\"ListItem\",\"position\":2,\"name\":\"Infoz\u00f3na\",\"item\":\"https:\\\/\\\/www.sedackyajnamieru.sk\\\/infozona\\\/\"},{\"@type\":\"ListItem\",\"position\":3,\"name\":\"Ako si objedna\u0165 seda\u010dku\"}]},{\"@type\":\"WebSite\",\"@id\":\"https:\\\/\\\/www.sedackyajnamieru.sk\\\/#website\",\"url\":\"https:\\\/\\\/www.sedackyajnamieru.sk\\\/\",\"name\":\"Seda\u010dky aj na mieru\",\"description\":\"\",\"publisher\":{\"@id\":\"https:\\\/\\\/www.sedackyajnamieru.sk\\\/#organization\"},\"potentialAction\":[{\"@type\":\"SearchAction\",\"target\":{\"@type\":\"EntryPoint\",\"urlTemplate\":\"https:\\\/\\\/www.sedackyajnamieru.sk\\\/?s={search_term_string}\"},\"query-input\":{\"@type\":\"PropertyValueSpecification\",\"valueRequired\":true,\"valueName\":\"search_term_string\"}}],\"inLanguage\":\"hu\"},{\"@type\":\"Organization\",\"@id\":\"https:\\\/\\\/www.sedackyajnamieru.sk\\\/#organization\",\"name\":\"MGT-PRO s.r.o.\",\"url\":\"https:\\\/\\\/www.sedackyajnamieru.sk\\\/\",\"logo\":{\"@type\":\"ImageObject\",\"inLanguage\":\"hu\",\"@id\":\"https:\\\/\\\/www.sedackyajnamieru.sk\\\/#\\\/schema\\\/logo\\\/image\\\/\",\"url\":\"https:\\\/\\\/www.sedackyajnamieru.sk\\\/wp-content\\\/uploads\\\/2025\\\/06\\\/logo_sofa_mgt-pro.svg\",\"contentUrl\":\"https:\\\/\\\/www.sedackyajnamieru.sk\\\/wp-content\\\/uploads\\\/2025\\\/06\\\/logo_sofa_mgt-pro.svg\",\"width\":31,\"height\":31,\"caption\":\"MGT-PRO s.r.o.\"},\"image\":{\"@id\":\"https:\\\/\\\/www.sedackyajnamieru.sk\\\/#\\\/schema\\\/logo\\\/image\\\/\"},\"sameAs\":[\"https:\\\/\\\/www.facebook.com\\\/mgtpro\",\"https:\\\/\\\/www.instagram.com\\\/mgtsedacky\\\/\"]},{\"@type\":\"Person\",\"@id\":\"https:\\\/\\\/www.sedackyajnamieru.sk\\\/#\\\/schema\\\/person\\\/2c43f9cd3df4d0b69cec9928dfa1db24\",\"name\":\"Gabriel M\u00e1t\u00e9\",\"image\":{\"@type\":\"ImageObject\",\"inLanguage\":\"hu\",\"@id\":\"https:\\\/\\\/secure.gravatar.com\\\/avatar\\\/2dc97040d3727b07ad4dc8117ccf4a376130139bda86863f3d089e96613f6869?s=96&d=mm&r=g\",\"url\":\"https:\\\/\\\/secure.gravatar.com\\\/avatar\\\/2dc97040d3727b07ad4dc8117ccf4a376130139bda86863f3d089e96613f6869?s=96&d=mm&r=g\",\"contentUrl\":\"https:\\\/\\\/secure.gravatar.com\\\/avatar\\\/2dc97040d3727b07ad4dc8117ccf4a376130139bda86863f3d089e96613f6869?s=96&d=mm&r=g\",\"caption\":\"Gabriel M\u00e1t\u00e9\"},\"sameAs\":[\"https:\\\/\\\/www.sedackyajnamieru.sk\\\/wordpress\"],\"url\":\"https:\\\/\\\/www.sedackyajnamieru.sk\\\/hu\\\/author\\\/gabriel-mate\\\/\"}]}<\/script>\n<!-- \/ Yoast SEO Premium plugin. -->","yoast_head_json":{"title":"Ako si objedna\u0165 seda\u010dku na mieru | Kompletn\u00fd n\u00e1vod od MGT-PRO","description":"Zistite, ako prebieha objedn\u00e1vka seda\u010dky na mieru \u2013 od zamerania priestoru, cez v\u00fdber modelu a po\u0165ahu a\u017e po grafick\u00fd n\u00e1vrh. Vyrob\u00edme seda\u010dku presne pod\u013ea va\u0161ich predst\u00e1v.","robots":{"index":"index","follow":"follow","max-snippet":"max-snippet:-1","max-image-preview":"max-image-preview:large","max-video-preview":"max-video-preview:-1"},"canonical":"https:\/\/www.sedackyajnamieru.sk\/hu\/infozona\/ako-si-objednat-sedacku\/","og_locale":"hu_HU","og_type":"article","og_title":"Ako si objedna\u0165 seda\u010dku","og_description":"Zistite, ako prebieha objedn\u00e1vka seda\u010dky na mieru \u2013 od zamerania priestoru, cez v\u00fdber modelu a po\u0165ahu a\u017e po grafick\u00fd n\u00e1vrh. Vyrob\u00edme seda\u010dku presne pod\u013ea va\u0161ich predst\u00e1v.","og_url":"https:\/\/www.sedackyajnamieru.sk\/hu\/infozona\/ako-si-objednat-sedacku\/","og_site_name":"Seda\u010dky aj na mieru","article_publisher":"https:\/\/www.facebook.com\/mgtpro","article_modified_time":"2025-09-22T09:35:58+00:00","twitter_card":"summary_large_image","twitter_misc":{"Becs\u00fclt olvas\u00e1si id\u0151":"3 perc"},"schema":{"@context":"https:\/\/schema.org","@graph":[{"@type":["Article","BlogPosting"],"@id":"https:\/\/www.sedackyajnamieru.sk\/infozona\/ako-si-objednat-sedacku\/#article","isPartOf":{"@id":"https:\/\/www.sedackyajnamieru.sk\/infozona\/ako-si-objednat-sedacku\/"},"author":{"name":"Gabriel M\u00e1t\u00e9","@id":"https:\/\/www.sedackyajnamieru.sk\/#\/schema\/person\/2c43f9cd3df4d0b69cec9928dfa1db24"},"headline":"Ako si objedna\u0165 seda\u010dku","datePublished":"2025-07-22T06:32:38+00:00","dateModified":"2025-09-22T09:35:58+00:00","mainEntityOfPage":{"@id":"https:\/\/www.sedackyajnamieru.sk\/infozona\/ako-si-objednat-sedacku\/"},"wordCount":529,"publisher":{"@id":"https:\/\/www.sedackyajnamieru.sk\/#organization"},"inLanguage":"hu"},{"@type":["WebPage","FAQPage"],"@id":"https:\/\/www.sedackyajnamieru.sk\/infozona\/ako-si-objednat-sedacku\/","url":"https:\/\/www.sedackyajnamieru.sk\/infozona\/ako-si-objednat-sedacku\/","name":"Ako si objedna\u0165 seda\u010dku na mieru | Kompletn\u00fd n\u00e1vod od MGT-PRO","isPartOf":{"@id":"https:\/\/www.sedackyajnamieru.sk\/#website"},"datePublished":"2025-07-22T06:32:38+00:00","dateModified":"2025-09-22T09:35:58+00:00","description":"Zistite, ako prebieha objedn\u00e1vka seda\u010dky na mieru \u2013 od zamerania priestoru, cez v\u00fdber modelu a po\u0165ahu a\u017e po grafick\u00fd n\u00e1vrh. Vyrob\u00edme seda\u010dku presne pod\u013ea va\u0161ich predst\u00e1v.","breadcrumb":{"@id":"https:\/\/www.sedackyajnamieru.sk\/infozona\/ako-si-objednat-sedacku\/#breadcrumb"},"inLanguage":"hu","potentialAction":[{"@type":"ReadAction","target":["https:\/\/www.sedackyajnamieru.sk\/infozona\/ako-si-objednat-sedacku\/"]}]},{"@type":"BreadcrumbList","@id":"https:\/\/www.sedackyajnamieru.sk\/infozona\/ako-si-objednat-sedacku\/#breadcrumb","itemListElement":[{"@type":"ListItem","position":1,"name":"Domovsk\u00e1 str\u00e1nka","item":"https:\/\/www.sedackyajnamieru.sk\/"},{"@type":"ListItem","position":2,"name":"Infoz\u00f3na","item":"https:\/\/www.sedackyajnamieru.sk\/infozona\/"},{"@type":"ListItem","position":3,"name":"Ako si objedna\u0165 seda\u010dku"}]},{"@type":"WebSite","@id":"https:\/\/www.sedackyajnamieru.sk\/#website","url":"https:\/\/www.sedackyajnamieru.sk\/","name":"M\u00e9retre gy\u00e1rtott kanap\u00e9k","description":"","publisher":{"@id":"https:\/\/www.sedackyajnamieru.sk\/#organization"},"potentialAction":[{"@type":"SearchAction","target":{"@type":"EntryPoint","urlTemplate":"https:\/\/www.sedackyajnamieru.sk\/?s={search_term_string}"},"query-input":{"@type":"PropertyValueSpecification","valueRequired":true,"valueName":"search_term_string"}}],"inLanguage":"hu"},{"@type":"Organization","@id":"https:\/\/www.sedackyajnamieru.sk\/#organization","name":"MGT-PRO s.r.o.","url":"https:\/\/www.sedackyajnamieru.sk\/","logo":{"@type":"ImageObject","inLanguage":"hu","@id":"https:\/\/www.sedackyajnamieru.sk\/#\/schema\/logo\/image\/","url":"https:\/\/www.sedackyajnamieru.sk\/wp-content\/uploads\/2025\/06\/logo_sofa_mgt-pro.svg","contentUrl":"https:\/\/www.sedackyajnamieru.sk\/wp-content\/uploads\/2025\/06\/logo_sofa_mgt-pro.svg","width":31,"height":31,"caption":"MGT-PRO s.r.o."},"image":{"@id":"https:\/\/www.sedackyajnamieru.sk\/#\/schema\/logo\/image\/"},"sameAs":["https:\/\/www.facebook.com\/mgtpro","https:\/\/www.instagram.com\/mgtsedacky\/"]},{"@type":"Person","@id":"https:\/\/www.sedackyajnamieru.sk\/#\/schema\/person\/2c43f9cd3df4d0b69cec9928dfa1db24","name":"M\u00e1t\u00e9 G\u00e1bor","image":{"@type":"ImageObject","inLanguage":"hu","@id":"https:\/\/secure.gravatar.com\/avatar\/2dc97040d3727b07ad4dc8117ccf4a376130139bda86863f3d089e96613f6869?s=96&d=mm&r=g","url":"https:\/\/secure.gravatar.com\/avatar\/2dc97040d3727b07ad4dc8117ccf4a376130139bda86863f3d089e96613f6869?s=96&d=mm&r=g","contentUrl":"https:\/\/secure.gravatar.com\/avatar\/2dc97040d3727b07ad4dc8117ccf4a376130139bda86863f3d089e96613f6869?s=96&d=mm&r=g","caption":"Gabriel M\u00e1t\u00e9"},"sameAs":["https:\/\/www.sedackyajnamieru.sk\/wordpress"],"url":"https:\/\/www.sedackyajnamieru.sk\/hu\/author\/gabriel-mate\/"}]}},"_links":{"self":[{"href":"https:\/\/www.sedackyajnamieru.sk\/hu\/wp-json\/wp\/v2\/pages\/1533","targetHints":{"allow":["GET"]}}],"collection":[{"href":"https:\/\/www.sedackyajnamieru.sk\/hu\/wp-json\/wp\/v2\/pages"}],"about":[{"href":"https:\/\/www.sedackyajnamieru.sk\/hu\/wp-json\/wp\/v2\/types\/page"}],"author":[{"embeddable":true,"href":"https:\/\/www.sedackyajnamieru.sk\/hu\/wp-json\/wp\/v2\/users\/1"}],"replies":[{"embeddable":true,"href":"https:\/\/www.sedackyajnamieru.sk\/hu\/wp-json\/wp\/v2\/comments?post=1533"}],"version-history":[{"count":52,"href":"https:\/\/www.sedackyajnamieru.sk\/hu\/wp-json\/wp\/v2\/pages\/1533\/revisions"}],"predecessor-version":[{"id":2633,"href":"https:\/\/www.sedackyajnamieru.sk\/hu\/wp-json\/wp\/v2\/pages\/1533\/revisions\/2633"}],"up":[{"embeddable":true,"href":"https:\/\/www.sedackyajnamieru.sk\/hu\/wp-json\/wp\/v2\/pages\/1395"}],"wp:attachment":[{"href":"https:\/\/www.sedackyajnamieru.sk\/hu\/wp-json\/wp\/v2\/media?parent=1533"}],"wp:term":[{"taxonomy":"category","embeddable":true,"href":"https:\/\/www.sedackyajnamieru.sk\/hu\/wp-json\/wp\/v2\/categories?post=1533"},{"taxonomy":"post_tag","embeddable":true,"href":"https:\/\/www.sedackyajnamieru.sk\/hu\/wp-json\/wp\/v2\/tags?post=1533"}],"curies":[{"name":"wp","href":"https:\/\/api.w.org\/{rel}","templated":true}]}}