{"id":2716,"date":"2025-09-24T12:22:32","date_gmt":"2025-09-24T12:22:32","guid":{"rendered":"https:\/\/www.sedackyajnamieru.sk\/?page_id=2716"},"modified":"2025-09-24T20:48:37","modified_gmt":"2025-09-24T20:48:37","slug":"koza","status":"publish","type":"page","link":"https:\/\/www.sedackyajnamieru.sk\/hu\/potahy\/koza\/","title":{"rendered":"Marhab\u0151r bevonatok"},"content":{"rendered":"<div data-elementor-type=\"wp-post\" data-elementor-id=\"2716\" class=\"elementor elementor-2716\" data-elementor-post-type=\"page\">\n\t\t\t\t<div class=\"elementor-element elementor-element-c92d6be e-flex e-con-boxed e-con e-parent\" data-id=\"c92d6be\" data-element_type=\"container\" data-e-type=\"container\" data-settings=\"{&quot;animation&quot;:&quot;none&quot;}\">\n\t\t\t\t\t<div class=\"e-con-inner\">\n\t\t\t\t<div class=\"elementor-element elementor-element-c17624c elementor-widget elementor-widget-heading\" data-id=\"c17624c\" data-element_type=\"widget\" data-e-type=\"widget\" data-settings=\"{&quot;_animation&quot;:&quot;none&quot;}\" data-widget_type=\"heading.default\">\n\t\t\t\t<div class=\"elementor-widget-container\">\n\t\t\t\t\t<h1 class=\"elementor-heading-title elementor-size-default\">Marhab\u0151r bevonatok<\/h1>\t\t\t\t<\/div>\n\t\t\t\t<\/div>\n\t\t\t\t<div class=\"elementor-element elementor-element-dc77f3a elementor-widget elementor-widget-text-editor\" data-id=\"dc77f3a\" data-element_type=\"widget\" data-e-type=\"widget\" data-widget_type=\"text-editor.default\">\n\t\t\t\t<div class=\"elementor-widget-container\">\n\t\t\t\t\t\t\t\t\t<p>A b\u0151r \u00e9vtizedek \u00f3ta az egyik legkedveltebb k\u00e1rpitoz\u00f3 anyag. Term\u00e9szetes, nemes \u00e9s id\u0151t\u00e1ll\u00f3, ez\u00e9rt ide\u00e1lis v\u00e1laszt\u00e1s mindazok sz\u00e1m\u00e1ra, akik a luxust, a k\u00e9nyelmet \u00e9s az eleganci\u00e1t keresik egyben.<\/p><p>Minden egyes b\u0151rdarab egyedi, saj\u00e1t jellegzetess\u00e9geivel \u2013 a tipikus illatt\u00f3l kezdve a puhas\u00e1gon \u00e9s tart\u00f3ss\u00e1gon \u00e1t eg\u00e9szen a term\u00e9szetesen egyenetlen megjelen\u00e9sig. Ezeket a tulajdons\u00e1gokat semmilyen mesters\u00e9ges anyag nem k\u00e9pes teljes m\u00e9rt\u00e9kben helyettes\u00edteni.<\/p>\t\t\t\t\t\t\t\t<\/div>\n\t\t\t\t<\/div>\n\t\t\t\t\t<\/div>\n\t\t\t\t<\/div>\n\t\t<div class=\"elementor-element elementor-element-b45b06f e-grid e-con-boxed e-con e-parent\" data-id=\"b45b06f\" data-element_type=\"container\" data-e-type=\"container\">\n\t\t\t\t\t<div class=\"e-con-inner\">\n\t\t<a class=\"elementor-element elementor-element-8e9b9c2 e-con-full e-flex e-con e-child\" data-id=\"8e9b9c2\" data-element_type=\"container\" data-e-type=\"container\" data-settings=\"{&quot;background_background&quot;:&quot;classic&quot;}\" href=\"https:\/\/www.sedackyajnamieru.sk\/hu\/potahy\/koza\/koza-prince\/\">\n\t\t\t\t<div class=\"elementor-element elementor-element-36e796f elementor-widget elementor-widget-heading\" data-id=\"36e796f\" data-element_type=\"widget\" data-e-type=\"widget\" data-widget_type=\"heading.default\">\n\t\t\t\t<div class=\"elementor-widget-container\">\n\t\t\t\t\t<h2 class=\"elementor-heading-title elementor-size-default\">Prince<\/h2>\t\t\t\t<\/div>\n\t\t\t\t<\/div>\n\t\t\t\t<div class=\"elementor-element elementor-element-e83dee5 elementor-widget elementor-widget-text-editor\" data-id=\"e83dee5\" data-element_type=\"widget\" data-e-type=\"widget\" data-widget_type=\"text-editor.default\">\n\t\t\t\t<div class=\"elementor-widget-container\">\n\t\t\t\t\t\t\t\t\t<p>b\u0151rt\u00edpus: <strong>Pigment\u00e1lt<\/strong><br \/>b\u0151r vastags\u00e1ga: <strong>1.0mm<\/strong><\/p>\t\t\t\t\t\t\t\t<\/div>\n\t\t\t\t<\/div>\n\t\t\t\t<\/a>\n\t\t<a class=\"elementor-element elementor-element-70bf6c2 e-con-full e-flex e-con e-child\" data-id=\"70bf6c2\" data-element_type=\"container\" data-e-type=\"container\" data-settings=\"{&quot;background_background&quot;:&quot;classic&quot;}\" href=\"https:\/\/www.sedackyajnamieru.sk\/hu\/potahy\/koza\/koza-florida\/\">\n\t\t\t\t<div class=\"elementor-element elementor-element-47a2632 elementor-widget elementor-widget-heading\" data-id=\"47a2632\" data-element_type=\"widget\" data-e-type=\"widget\" data-widget_type=\"heading.default\">\n\t\t\t\t<div class=\"elementor-widget-container\">\n\t\t\t\t\t<h2 class=\"elementor-heading-title elementor-size-default\">Florida<\/h2>\t\t\t\t<\/div>\n\t\t\t\t<\/div>\n\t\t\t\t<div class=\"elementor-element elementor-element-34aace0 elementor-widget elementor-widget-text-editor\" data-id=\"34aace0\" data-element_type=\"widget\" data-e-type=\"widget\" data-widget_type=\"text-editor.default\">\n\t\t\t\t<div class=\"elementor-widget-container\">\n\t\t\t\t\t\t\t\t\t<p>b\u0151rt\u00edpus: <strong>Pigment\u00e1lt<\/strong><br \/>b\u0151r vastags\u00e1ga: <strong>1.3mm &#8211; 1.5mm<\/strong><\/p>\t\t\t\t\t\t\t\t<\/div>\n\t\t\t\t<\/div>\n\t\t\t\t<\/a>\n\t\t<a class=\"elementor-element elementor-element-66ef6ed e-con-full e-flex e-con e-child\" data-id=\"66ef6ed\" data-element_type=\"container\" data-e-type=\"container\" data-settings=\"{&quot;background_background&quot;:&quot;classic&quot;}\" href=\"https:\/\/www.sedackyajnamieru.sk\/hu\/potahy\/koza\/koza-ohio\/\">\n\t\t\t\t<div class=\"elementor-element elementor-element-1dafb22 elementor-widget elementor-widget-heading\" data-id=\"1dafb22\" data-element_type=\"widget\" data-e-type=\"widget\" data-widget_type=\"heading.default\">\n\t\t\t\t<div class=\"elementor-widget-container\">\n\t\t\t\t\t<h2 class=\"elementor-heading-title elementor-size-default\">Ohio<\/h2>\t\t\t\t<\/div>\n\t\t\t\t<\/div>\n\t\t\t\t<div class=\"elementor-element elementor-element-06a8fcf elementor-widget elementor-widget-text-editor\" data-id=\"06a8fcf\" data-element_type=\"widget\" data-e-type=\"widget\" data-widget_type=\"text-editor.default\">\n\t\t\t\t<div class=\"elementor-widget-container\">\n\t\t\t\t\t\t\t\t\t<p>b\u0151rt\u00edpus: <strong>Semi-anilin<\/strong><br \/>b\u0151r vastags\u00e1ga: <strong>0.9mm &#8211; 1.0mm<\/strong><\/p>\t\t\t\t\t\t\t\t<\/div>\n\t\t\t\t<\/div>\n\t\t\t\t<\/a>\n\t\t<a class=\"elementor-element elementor-element-93e6017 e-con-full e-flex e-con e-child\" data-id=\"93e6017\" data-element_type=\"container\" data-e-type=\"container\" data-settings=\"{&quot;background_background&quot;:&quot;classic&quot;}\" href=\"https:\/\/www.sedackyajnamieru.sk\/hu\/potahy\/koza\/koza-nevada\/\">\n\t\t\t\t<div class=\"elementor-element elementor-element-f7487c5 elementor-widget elementor-widget-heading\" data-id=\"f7487c5\" data-element_type=\"widget\" data-e-type=\"widget\" data-widget_type=\"heading.default\">\n\t\t\t\t<div class=\"elementor-widget-container\">\n\t\t\t\t\t<h2 class=\"elementor-heading-title elementor-size-default\">Nevada<\/h2>\t\t\t\t<\/div>\n\t\t\t\t<\/div>\n\t\t\t\t<div class=\"elementor-element elementor-element-401d264 elementor-widget elementor-widget-text-editor\" data-id=\"401d264\" data-element_type=\"widget\" data-e-type=\"widget\" data-widget_type=\"text-editor.default\">\n\t\t\t\t<div class=\"elementor-widget-container\">\n\t\t\t\t\t\t\t\t\t<p>b\u0151rt\u00edpus: <strong>Pigment\u00e1lt, mel\u00edrozott<\/strong><br \/>b\u0151r vastags\u00e1ga: <strong>1.1mm<\/strong><\/p>\t\t\t\t\t\t\t\t<\/div>\n\t\t\t\t<\/div>\n\t\t\t\t<\/a>\n\t\t<a class=\"elementor-element elementor-element-3d174f0 e-con-full e-flex e-con e-child\" data-id=\"3d174f0\" data-element_type=\"container\" data-e-type=\"container\" data-settings=\"{&quot;background_background&quot;:&quot;classic&quot;}\" href=\"https:\/\/www.sedackyajnamieru.sk\/hu\/potahy\/koza\/koza-panama\/\">\n\t\t\t\t<div class=\"elementor-element elementor-element-86ff7ec elementor-widget elementor-widget-heading\" data-id=\"86ff7ec\" data-element_type=\"widget\" data-e-type=\"widget\" data-widget_type=\"heading.default\">\n\t\t\t\t<div class=\"elementor-widget-container\">\n\t\t\t\t\t<h2 class=\"elementor-heading-title elementor-size-default\">Panama<\/h2>\t\t\t\t<\/div>\n\t\t\t\t<\/div>\n\t\t\t\t<div class=\"elementor-element elementor-element-e04598b elementor-widget elementor-widget-text-editor\" data-id=\"e04598b\" data-element_type=\"widget\" data-e-type=\"widget\" data-widget_type=\"text-editor.default\">\n\t\t\t\t<div class=\"elementor-widget-container\">\n\t\t\t\t\t\t\t\t\t<p>b\u0151rt\u00edpus: <strong>Nubuck<\/strong><br \/>b\u0151r vastags\u00e1ga: <strong>1.0mm &#8211; 1.2mm<\/strong><\/p>\t\t\t\t\t\t\t\t<\/div>\n\t\t\t\t<\/div>\n\t\t\t\t<\/a>\n\t\t\t\t\t<\/div>\n\t\t\t\t<\/div>\n\t\t\t\t<\/div>","protected":false},"excerpt":{"rendered":"<p>Ko\u017een\u00e9 po\u0165ahy Ko\u017ea patr\u00ed medzi najob\u013e\u00fabenej\u0161ie po\u0165ahov\u00e9 materi\u00e1ly u\u017e cel\u00e9 desa\u0165ro\u010dia. Je pr\u00edrodn\u00e1, u\u0161\u013eachtil\u00e1 a rokmi osved\u010den\u00e1, \u010do z nej rob\u00ed ide\u00e1lnu vo\u013ebu pre t\u00fdch, ktor\u00ed h\u013eadaj\u00fa spojenie luxusu, komfortu a elegancie. Ka\u017ed\u00fd kus ko\u017ee je origin\u00e1l so svojimi jedine\u010dn\u00fdmi znakmi \u2013 od typickej v\u00f4ne, cez m\u00e4kkos\u0165 a pevnos\u0165 a\u017e po prirodzene nehomog\u00e9nny vzh\u013ead. Tieto [&hellip;]<\/p>\n","protected":false},"author":1,"featured_media":0,"parent":1832,"menu_order":0,"comment_status":"closed","ping_status":"closed","template":"","meta":{"inline_featured_image":false,"site-sidebar-layout":"no-sidebar","site-content-layout":"page-builder","ast-site-content-layout":"default","site-content-style":"default","site-sidebar-style":"default","ast-global-header-display":"","ast-banner-title-visibility":"","ast-main-header-display":"","ast-hfb-above-header-display":"","ast-hfb-below-header-display":"","ast-hfb-mobile-header-display":"","site-post-title":"disabled","ast-breadcrumbs-content":"","ast-featured-img":"disabled","footer-sml-layout":"","theme-transparent-header-meta":"enabled","adv-header-id-meta":"","stick-header-meta":"","header-above-stick-meta":"","header-main-stick-meta":"","header-below-stick-meta":"","astra-migrate-meta-layouts":"default","ast-page-background-enabled":"default","ast-page-background-meta":{"desktop":{"background-color":"","background-image":"","background-repeat":"repeat","background-position":"center center","background-size":"auto","background-attachment":"scroll","background-type":"","background-media":"","overlay-type":"","overlay-color":"","overlay-opacity":"","overlay-gradient":""},"tablet":{"background-color":"","background-image":"","background-repeat":"repeat","background-position":"center center","background-size":"auto","background-attachment":"scroll","background-type":"","background-media":"","overlay-type":"","overlay-color":"","overlay-opacity":"","overlay-gradient":""},"mobile":{"background-color":"","background-image":"","background-repeat":"repeat","background-position":"center center","background-size":"auto","background-attachment":"scroll","background-type":"","background-media":"","overlay-type":"","overlay-color":"","overlay-opacity":"","overlay-gradient":""}},"ast-content-background-meta":{"desktop":{"background-color":"var(--ast-global-color-5)","background-image":"","background-repeat":"repeat","background-position":"center center","background-size":"auto","background-attachment":"scroll","background-type":"","background-media":"","overlay-type":"","overlay-color":"","overlay-opacity":"","overlay-gradient":""},"tablet":{"background-color":"var(--ast-global-color-5)","background-image":"","background-repeat":"repeat","background-position":"center center","background-size":"auto","background-attachment":"scroll","background-type":"","background-media":"","overlay-type":"","overlay-color":"","overlay-opacity":"","overlay-gradient":""},"mobile":{"background-color":"var(--ast-global-color-5)","background-image":"","background-repeat":"repeat","background-position":"center center","background-size":"auto","background-attachment":"scroll","background-type":"","background-media":"","overlay-type":"","overlay-color":"","overlay-opacity":"","overlay-gradient":""}},"footnotes":""},"categories":[],"tags":[],"class_list":["post-2716","page","type-page","status-publish","hentry"],"yoast_head":"<!-- This site is optimized with the Yoast SEO Premium plugin v27.3 (Yoast SEO v27.3) - https:\/\/yoast.com\/product\/yoast-seo-premium-wordpress\/ -->\n<title>Ko\u017een\u00e9 po\u0165ahy - Seda\u010dky aj na mieru<\/title>\n<meta name=\"robots\" content=\"index, follow, max-snippet:-1, max-image-preview:large, max-video-preview:-1\" \/>\n<link rel=\"canonical\" href=\"https:\/\/www.sedackyajnamieru.sk\/hu\/potahy\/koza\/\" \/>\n<meta property=\"og:locale\" content=\"hu_HU\" \/>\n<meta property=\"og:type\" content=\"article\" \/>\n<meta property=\"og:title\" content=\"Ko\u017een\u00e9 po\u0165ahy\" \/>\n<meta property=\"og:description\" content=\"Ko\u017een\u00e9 po\u0165ahy Ko\u017ea patr\u00ed medzi najob\u013e\u00fabenej\u0161ie po\u0165ahov\u00e9 materi\u00e1ly u\u017e cel\u00e9 desa\u0165ro\u010dia. Je pr\u00edrodn\u00e1, u\u0161\u013eachtil\u00e1 a rokmi osved\u010den\u00e1, \u010do z nej rob\u00ed ide\u00e1lnu vo\u013ebu pre t\u00fdch, ktor\u00ed h\u013eadaj\u00fa spojenie luxusu, komfortu a elegancie. Ka\u017ed\u00fd kus ko\u017ee je origin\u00e1l so svojimi jedine\u010dn\u00fdmi znakmi \u2013 od typickej v\u00f4ne, cez m\u00e4kkos\u0165 a pevnos\u0165 a\u017e po prirodzene nehomog\u00e9nny vzh\u013ead. Tieto [&hellip;]\" \/>\n<meta property=\"og:url\" content=\"https:\/\/www.sedackyajnamieru.sk\/hu\/potahy\/koza\/\" \/>\n<meta property=\"og:site_name\" content=\"Seda\u010dky aj na mieru\" \/>\n<meta property=\"article:publisher\" content=\"https:\/\/www.facebook.com\/mgtpro\" \/>\n<meta property=\"article:modified_time\" content=\"2025-09-24T20:48:37+00:00\" \/>\n<meta name=\"twitter:card\" content=\"summary_large_image\" \/>\n<meta name=\"twitter:label1\" content=\"Becs\u00fclt olvas\u00e1si id\u0151\" \/>\n\t<meta name=\"twitter:data1\" content=\"1 perc\" \/>\n<script type=\"application\/ld+json\" class=\"yoast-schema-graph\">{\"@context\":\"https:\\\/\\\/schema.org\",\"@graph\":[{\"@type\":\"WebPage\",\"@id\":\"https:\\\/\\\/www.sedackyajnamieru.sk\\\/potahy\\\/koza\\\/\",\"url\":\"https:\\\/\\\/www.sedackyajnamieru.sk\\\/potahy\\\/koza\\\/\",\"name\":\"Ko\u017een\u00e9 po\u0165ahy - Seda\u010dky aj na mieru\",\"isPartOf\":{\"@id\":\"https:\\\/\\\/www.sedackyajnamieru.sk\\\/#website\"},\"datePublished\":\"2025-09-24T12:22:32+00:00\",\"dateModified\":\"2025-09-24T20:48:37+00:00\",\"breadcrumb\":{\"@id\":\"https:\\\/\\\/www.sedackyajnamieru.sk\\\/potahy\\\/koza\\\/#breadcrumb\"},\"inLanguage\":\"hu\",\"potentialAction\":[{\"@type\":\"ReadAction\",\"target\":[\"https:\\\/\\\/www.sedackyajnamieru.sk\\\/potahy\\\/koza\\\/\"]}]},{\"@type\":\"BreadcrumbList\",\"@id\":\"https:\\\/\\\/www.sedackyajnamieru.sk\\\/potahy\\\/koza\\\/#breadcrumb\",\"itemListElement\":[{\"@type\":\"ListItem\",\"position\":1,\"name\":\"Domovsk\u00e1 str\u00e1nka\",\"item\":\"https:\\\/\\\/www.sedackyajnamieru.sk\\\/\"},{\"@type\":\"ListItem\",\"position\":2,\"name\":\"Po\u0165ahy\",\"item\":\"https:\\\/\\\/www.sedackyajnamieru.sk\\\/potahy\\\/\"},{\"@type\":\"ListItem\",\"position\":3,\"name\":\"Ko\u017een\u00e9 po\u0165ahy\"}]},{\"@type\":\"WebSite\",\"@id\":\"https:\\\/\\\/www.sedackyajnamieru.sk\\\/#website\",\"url\":\"https:\\\/\\\/www.sedackyajnamieru.sk\\\/\",\"name\":\"Seda\u010dky aj na mieru\",\"description\":\"\",\"publisher\":{\"@id\":\"https:\\\/\\\/www.sedackyajnamieru.sk\\\/#organization\"},\"potentialAction\":[{\"@type\":\"SearchAction\",\"target\":{\"@type\":\"EntryPoint\",\"urlTemplate\":\"https:\\\/\\\/www.sedackyajnamieru.sk\\\/?s={search_term_string}\"},\"query-input\":{\"@type\":\"PropertyValueSpecification\",\"valueRequired\":true,\"valueName\":\"search_term_string\"}}],\"inLanguage\":\"hu\"},{\"@type\":\"Organization\",\"@id\":\"https:\\\/\\\/www.sedackyajnamieru.sk\\\/#organization\",\"name\":\"MGT-PRO s.r.o.\",\"url\":\"https:\\\/\\\/www.sedackyajnamieru.sk\\\/\",\"logo\":{\"@type\":\"ImageObject\",\"inLanguage\":\"hu\",\"@id\":\"https:\\\/\\\/www.sedackyajnamieru.sk\\\/#\\\/schema\\\/logo\\\/image\\\/\",\"url\":\"https:\\\/\\\/www.sedackyajnamieru.sk\\\/wp-content\\\/uploads\\\/2025\\\/06\\\/logo_sofa_mgt-pro.svg\",\"contentUrl\":\"https:\\\/\\\/www.sedackyajnamieru.sk\\\/wp-content\\\/uploads\\\/2025\\\/06\\\/logo_sofa_mgt-pro.svg\",\"width\":31,\"height\":31,\"caption\":\"MGT-PRO s.r.o.\"},\"image\":{\"@id\":\"https:\\\/\\\/www.sedackyajnamieru.sk\\\/#\\\/schema\\\/logo\\\/image\\\/\"},\"sameAs\":[\"https:\\\/\\\/www.facebook.com\\\/mgtpro\",\"https:\\\/\\\/www.instagram.com\\\/mgtsedacky\\\/\"]}]}<\/script>\n<!-- \/ Yoast SEO Premium plugin. -->","yoast_head_json":{"title":"Ko\u017een\u00e9 po\u0165ahy - Seda\u010dky aj na mieru","robots":{"index":"index","follow":"follow","max-snippet":"max-snippet:-1","max-image-preview":"max-image-preview:large","max-video-preview":"max-video-preview:-1"},"canonical":"https:\/\/www.sedackyajnamieru.sk\/hu\/potahy\/koza\/","og_locale":"hu_HU","og_type":"article","og_title":"Ko\u017een\u00e9 po\u0165ahy","og_description":"Ko\u017een\u00e9 po\u0165ahy Ko\u017ea patr\u00ed medzi najob\u013e\u00fabenej\u0161ie po\u0165ahov\u00e9 materi\u00e1ly u\u017e cel\u00e9 desa\u0165ro\u010dia. Je pr\u00edrodn\u00e1, u\u0161\u013eachtil\u00e1 a rokmi osved\u010den\u00e1, \u010do z nej rob\u00ed ide\u00e1lnu vo\u013ebu pre t\u00fdch, ktor\u00ed h\u013eadaj\u00fa spojenie luxusu, komfortu a elegancie. Ka\u017ed\u00fd kus ko\u017ee je origin\u00e1l so svojimi jedine\u010dn\u00fdmi znakmi \u2013 od typickej v\u00f4ne, cez m\u00e4kkos\u0165 a pevnos\u0165 a\u017e po prirodzene nehomog\u00e9nny vzh\u013ead. Tieto [&hellip;]","og_url":"https:\/\/www.sedackyajnamieru.sk\/hu\/potahy\/koza\/","og_site_name":"Seda\u010dky aj na mieru","article_publisher":"https:\/\/www.facebook.com\/mgtpro","article_modified_time":"2025-09-24T20:48:37+00:00","twitter_card":"summary_large_image","twitter_misc":{"Becs\u00fclt olvas\u00e1si id\u0151":"1 perc"},"schema":{"@context":"https:\/\/schema.org","@graph":[{"@type":"WebPage","@id":"https:\/\/www.sedackyajnamieru.sk\/potahy\/koza\/","url":"https:\/\/www.sedackyajnamieru.sk\/potahy\/koza\/","name":"Ko\u017een\u00e9 po\u0165ahy - Seda\u010dky aj na mieru","isPartOf":{"@id":"https:\/\/www.sedackyajnamieru.sk\/#website"},"datePublished":"2025-09-24T12:22:32+00:00","dateModified":"2025-09-24T20:48:37+00:00","breadcrumb":{"@id":"https:\/\/www.sedackyajnamieru.sk\/potahy\/koza\/#breadcrumb"},"inLanguage":"hu","potentialAction":[{"@type":"ReadAction","target":["https:\/\/www.sedackyajnamieru.sk\/potahy\/koza\/"]}]},{"@type":"BreadcrumbList","@id":"https:\/\/www.sedackyajnamieru.sk\/potahy\/koza\/#breadcrumb","itemListElement":[{"@type":"ListItem","position":1,"name":"Domovsk\u00e1 str\u00e1nka","item":"https:\/\/www.sedackyajnamieru.sk\/"},{"@type":"ListItem","position":2,"name":"Po\u0165ahy","item":"https:\/\/www.sedackyajnamieru.sk\/potahy\/"},{"@type":"ListItem","position":3,"name":"Ko\u017een\u00e9 po\u0165ahy"}]},{"@type":"WebSite","@id":"https:\/\/www.sedackyajnamieru.sk\/#website","url":"https:\/\/www.sedackyajnamieru.sk\/","name":"M\u00e9retre gy\u00e1rtott kanap\u00e9k","description":"","publisher":{"@id":"https:\/\/www.sedackyajnamieru.sk\/#organization"},"potentialAction":[{"@type":"SearchAction","target":{"@type":"EntryPoint","urlTemplate":"https:\/\/www.sedackyajnamieru.sk\/?s={search_term_string}"},"query-input":{"@type":"PropertyValueSpecification","valueRequired":true,"valueName":"search_term_string"}}],"inLanguage":"hu"},{"@type":"Organization","@id":"https:\/\/www.sedackyajnamieru.sk\/#organization","name":"MGT-PRO s.r.o.","url":"https:\/\/www.sedackyajnamieru.sk\/","logo":{"@type":"ImageObject","inLanguage":"hu","@id":"https:\/\/www.sedackyajnamieru.sk\/#\/schema\/logo\/image\/","url":"https:\/\/www.sedackyajnamieru.sk\/wp-content\/uploads\/2025\/06\/logo_sofa_mgt-pro.svg","contentUrl":"https:\/\/www.sedackyajnamieru.sk\/wp-content\/uploads\/2025\/06\/logo_sofa_mgt-pro.svg","width":31,"height":31,"caption":"MGT-PRO s.r.o."},"image":{"@id":"https:\/\/www.sedackyajnamieru.sk\/#\/schema\/logo\/image\/"},"sameAs":["https:\/\/www.facebook.com\/mgtpro","https:\/\/www.instagram.com\/mgtsedacky\/"]}]}},"_links":{"self":[{"href":"https:\/\/www.sedackyajnamieru.sk\/hu\/wp-json\/wp\/v2\/pages\/2716","targetHints":{"allow":["GET"]}}],"collection":[{"href":"https:\/\/www.sedackyajnamieru.sk\/hu\/wp-json\/wp\/v2\/pages"}],"about":[{"href":"https:\/\/www.sedackyajnamieru.sk\/hu\/wp-json\/wp\/v2\/types\/page"}],"author":[{"embeddable":true,"href":"https:\/\/www.sedackyajnamieru.sk\/hu\/wp-json\/wp\/v2\/users\/1"}],"replies":[{"embeddable":true,"href":"https:\/\/www.sedackyajnamieru.sk\/hu\/wp-json\/wp\/v2\/comments?post=2716"}],"version-history":[{"count":37,"href":"https:\/\/www.sedackyajnamieru.sk\/hu\/wp-json\/wp\/v2\/pages\/2716\/revisions"}],"predecessor-version":[{"id":2952,"href":"https:\/\/www.sedackyajnamieru.sk\/hu\/wp-json\/wp\/v2\/pages\/2716\/revisions\/2952"}],"up":[{"embeddable":true,"href":"https:\/\/www.sedackyajnamieru.sk\/hu\/wp-json\/wp\/v2\/pages\/1832"}],"wp:attachment":[{"href":"https:\/\/www.sedackyajnamieru.sk\/hu\/wp-json\/wp\/v2\/media?parent=2716"}],"wp:term":[{"taxonomy":"category","embeddable":true,"href":"https:\/\/www.sedackyajnamieru.sk\/hu\/wp-json\/wp\/v2\/categories?post=2716"},{"taxonomy":"post_tag","embeddable":true,"href":"https:\/\/www.sedackyajnamieru.sk\/hu\/wp-json\/wp\/v2\/tags?post=2716"}],"curies":[{"name":"wp","href":"https:\/\/api.w.org\/{rel}","templated":true}]}}