{"id":2940,"date":"2025-09-24T20:45:08","date_gmt":"2025-09-24T20:45:08","guid":{"rendered":"https:\/\/www.sedackyajnamieru.sk\/?page_id=2940"},"modified":"2025-09-25T09:18:42","modified_gmt":"2025-09-25T09:18:42","slug":"koza-panama","status":"publish","type":"page","link":"https:\/\/www.sedackyajnamieru.sk\/hu\/potahy\/koza\/koza-panama\/","title":{"rendered":"Ko\u017ea Panama"},"content":{"rendered":"<div data-elementor-type=\"wp-post\" data-elementor-id=\"2940\" class=\"elementor elementor-2940\" data-elementor-post-type=\"page\">\n\t\t\t\t<div class=\"elementor-element elementor-element-9f387df e-flex e-con-boxed e-con e-parent\" data-id=\"9f387df\" data-element_type=\"container\" data-e-type=\"container\">\n\t\t\t\t\t<div class=\"e-con-inner\">\n\t\t<div class=\"elementor-element elementor-element-7f30852 e-con-full e-flex e-con e-child\" data-id=\"7f30852\" data-element_type=\"container\" data-e-type=\"container\" data-settings=\"{&quot;background_background&quot;:&quot;classic&quot;}\">\n\t\t\t\t<div class=\"elementor-element elementor-element-57a4f6e elementor-widget elementor-widget-heading\" data-id=\"57a4f6e\" data-element_type=\"widget\" data-e-type=\"widget\" data-widget_type=\"heading.default\">\n\t\t\t\t<div class=\"elementor-widget-container\">\n\t\t\t\t\t<h1 class=\"elementor-heading-title elementor-size-default\">Panama<\/h1>\t\t\t\t<\/div>\n\t\t\t\t<\/div>\n\t\t\t\t<div class=\"elementor-element elementor-element-6b08a9e elementor-widget elementor-widget-text-editor\" data-id=\"6b08a9e\" data-element_type=\"widget\" data-e-type=\"widget\" data-widget_type=\"text-editor.default\">\n\t\t\t\t<div class=\"elementor-widget-container\">\n\t\t\t\t\t\t\t\t\t<p>Ko\u017ea zastaral\u00fdm vzh\u013eadom (vintage), efekt nubuck, \u013eahko vode-odoln\u00e1, hr\u00fabka 1.0 &#8211; 1.2mm. Panama je m\u00e4kk\u00e1, zamatov\u00e1 na dotyk. V\u00fdborn\u00e1 na v\u0161etky typy n\u00e1bytku.<\/p>\t\t\t\t\t\t\t\t<\/div>\n\t\t\t\t<\/div>\n\t\t\t\t<div class=\"elementor-element elementor-element-297319f elementor-position-inline-start elementor-mobile-position-inline-start elementor-view-default elementor-widget elementor-widget-icon-box\" data-id=\"297319f\" data-element_type=\"widget\" data-e-type=\"widget\" data-widget_type=\"icon-box.default\">\n\t\t\t\t<div class=\"elementor-widget-container\">\n\t\t\t\t\t\t\t<div class=\"elementor-icon-box-wrapper\">\n\n\t\t\t\t\t\t<div class=\"elementor-icon-box-icon\">\n\t\t\t\t<span  class=\"elementor-icon\">\n\t\t\t\t<i aria-hidden=\"true\" class=\"fas fa-file-pdf\"><\/i>\t\t\t\t<\/span>\n\t\t\t<\/div>\n\t\t\t\n\t\t\t\t\t\t<div class=\"elementor-icon-box-content\">\n\n\t\t\t\t\t\t\t\t\t<div class=\"elementor-icon-box-title\">\n\t\t\t\t\t\t<span  >\n\t\t\t\t\t\t\tM\u0171szaki param\u00e9terek\t\t\t\t\t\t<\/span>\n\t\t\t\t\t<\/div>\n\t\t\t\t\n\t\t\t\t\n\t\t\t<\/div>\n\t\t\t\n\t\t<\/div>\n\t\t\t\t\t\t<\/div>\n\t\t\t\t<\/div>\n\t\t\t\t<div class=\"elementor-element elementor-element-3ebdbc2 elementor-position-inline-start elementor-mobile-position-inline-start elementor-view-default elementor-widget elementor-widget-icon-box\" data-id=\"3ebdbc2\" data-element_type=\"widget\" data-e-type=\"widget\" data-widget_type=\"icon-box.default\">\n\t\t\t\t<div class=\"elementor-widget-container\">\n\t\t\t\t\t\t\t<div class=\"elementor-icon-box-wrapper\">\n\n\t\t\t\t\t\t<div class=\"elementor-icon-box-icon\">\n\t\t\t\t<span  class=\"elementor-icon\">\n\t\t\t\t<i aria-hidden=\"true\" class=\"fas fa-exclamation-triangle\"><\/i>\t\t\t\t<\/span>\n\t\t\t<\/div>\n\t\t\t\n\t\t\t\t\t\t<div class=\"elementor-icon-box-content\">\n\n\t\t\t\t\t\t\t\t\t<div class=\"elementor-icon-box-title\">\n\t\t\t\t\t\t<span  >\n\t\t\t\t\t\t\tFelh\u00edvjuk a figyelm\u00e9t, hogy a mint\u00e1kon el\u0151fordulhatnak sz\u00edn- \u00e9s \u00e1rnyalatelt\u00e9r\u00e9sek a val\u00f3s term\u00e9khez k\u00e9pest.\t\t\t\t\t\t<\/span>\n\t\t\t\t\t<\/div>\n\t\t\t\t\n\t\t\t\t\n\t\t\t<\/div>\n\t\t\t\n\t\t<\/div>\n\t\t\t\t\t\t<\/div>\n\t\t\t\t<\/div>\n\t\t\t\t<\/div>\n\t\t<div class=\"elementor-element elementor-element-adbd0aa e-con-full e-flex e-con e-child\" data-id=\"adbd0aa\" data-element_type=\"container\" data-e-type=\"container\">\n\t\t\t\t<div class=\"elementor-element elementor-element-98a4b0a gallery-spacing-custom elementor-widget elementor-widget-image-gallery\" data-id=\"98a4b0a\" data-element_type=\"widget\" data-e-type=\"widget\" data-widget_type=\"image-gallery.default\">\n\t\t\t\t<div class=\"elementor-widget-container\">\n\t\t\t\t\t\t\t<div class=\"elementor-image-gallery\">\n\t\t\t<div id='gallery-1' class='gallery galleryid-2940 gallery-columns-3 gallery-size-medium'><figure class='gallery-item'>\n\t\t\t<div class='gallery-icon landscape'>\n\t\t\t\t<a data-elementor-open-lightbox=\"yes\" data-elementor-lightbox-slideshow=\"98a4b0a\" data-elementor-lightbox-title=\"Panama_8033\" data-e-action-hash=\"#elementor-action%3Aaction%3Dlightbox%26settings%3DeyJpZCI6Mjk0MiwidXJsIjoiaHR0cHM6XC9cL3d3dy5zZWRhY2t5YWpuYW1pZXJ1LnNrXC93cC1jb250ZW50XC91cGxvYWRzXC8yMDI1XC8wOVwvUGFuYW1hXzgwMzMtMS5qcGciLCJzbGlkZXNob3ciOiI5OGE0YjBhIn0%3D\" href='https:\/\/www.sedackyajnamieru.sk\/wp-content\/uploads\/2025\/09\/Panama_8033-1.jpg'><img fetchpriority=\"high\" decoding=\"async\" width=\"300\" height=\"300\" src=\"https:\/\/www.sedackyajnamieru.sk\/wp-content\/uploads\/2025\/09\/Panama_8033-1-300x300.jpg\" class=\"attachment-medium size-medium\" alt=\"\" srcset=\"https:\/\/www.sedackyajnamieru.sk\/wp-content\/uploads\/2025\/09\/Panama_8033-1-300x300.jpg 300w, https:\/\/www.sedackyajnamieru.sk\/wp-content\/uploads\/2025\/09\/Panama_8033-1-150x150.jpg 150w, https:\/\/www.sedackyajnamieru.sk\/wp-content\/uploads\/2025\/09\/Panama_8033-1-12x12.jpg 12w, https:\/\/www.sedackyajnamieru.sk\/wp-content\/uploads\/2025\/09\/Panama_8033-1.jpg 750w\" sizes=\"(max-width: 300px) 100vw, 300px\" \/><\/a>\n\t\t\t<\/div><\/figure><figure class='gallery-item'>\n\t\t\t<div class='gallery-icon landscape'>\n\t\t\t\t<a data-elementor-open-lightbox=\"yes\" data-elementor-lightbox-slideshow=\"98a4b0a\" data-elementor-lightbox-title=\"Panama_8043\" data-e-action-hash=\"#elementor-action%3Aaction%3Dlightbox%26settings%3DeyJpZCI6Mjk0MywidXJsIjoiaHR0cHM6XC9cL3d3dy5zZWRhY2t5YWpuYW1pZXJ1LnNrXC93cC1jb250ZW50XC91cGxvYWRzXC8yMDI1XC8wOVwvUGFuYW1hXzgwNDMuanBnIiwic2xpZGVzaG93IjoiOThhNGIwYSJ9\" href='https:\/\/www.sedackyajnamieru.sk\/wp-content\/uploads\/2025\/09\/Panama_8043.jpg'><img decoding=\"async\" width=\"300\" height=\"300\" src=\"https:\/\/www.sedackyajnamieru.sk\/wp-content\/uploads\/2025\/09\/Panama_8043-300x300.jpg\" class=\"attachment-medium size-medium\" alt=\"\" srcset=\"https:\/\/www.sedackyajnamieru.sk\/wp-content\/uploads\/2025\/09\/Panama_8043-300x300.jpg 300w, https:\/\/www.sedackyajnamieru.sk\/wp-content\/uploads\/2025\/09\/Panama_8043-150x150.jpg 150w, https:\/\/www.sedackyajnamieru.sk\/wp-content\/uploads\/2025\/09\/Panama_8043-12x12.jpg 12w, https:\/\/www.sedackyajnamieru.sk\/wp-content\/uploads\/2025\/09\/Panama_8043.jpg 750w\" sizes=\"(max-width: 300px) 100vw, 300px\" \/><\/a>\n\t\t\t<\/div><\/figure><figure class='gallery-item'>\n\t\t\t<div class='gallery-icon landscape'>\n\t\t\t\t<a data-elementor-open-lightbox=\"yes\" data-elementor-lightbox-slideshow=\"98a4b0a\" data-elementor-lightbox-title=\"Panama_8046\" data-e-action-hash=\"#elementor-action%3Aaction%3Dlightbox%26settings%3DeyJpZCI6Mjk0NCwidXJsIjoiaHR0cHM6XC9cL3d3dy5zZWRhY2t5YWpuYW1pZXJ1LnNrXC93cC1jb250ZW50XC91cGxvYWRzXC8yMDI1XC8wOVwvUGFuYW1hXzgwNDYuanBnIiwic2xpZGVzaG93IjoiOThhNGIwYSJ9\" href='https:\/\/www.sedackyajnamieru.sk\/wp-content\/uploads\/2025\/09\/Panama_8046.jpg'><img decoding=\"async\" width=\"300\" height=\"300\" src=\"https:\/\/www.sedackyajnamieru.sk\/wp-content\/uploads\/2025\/09\/Panama_8046-300x300.jpg\" class=\"attachment-medium size-medium\" alt=\"\" srcset=\"https:\/\/www.sedackyajnamieru.sk\/wp-content\/uploads\/2025\/09\/Panama_8046-300x300.jpg 300w, https:\/\/www.sedackyajnamieru.sk\/wp-content\/uploads\/2025\/09\/Panama_8046-150x150.jpg 150w, https:\/\/www.sedackyajnamieru.sk\/wp-content\/uploads\/2025\/09\/Panama_8046-12x12.jpg 12w, https:\/\/www.sedackyajnamieru.sk\/wp-content\/uploads\/2025\/09\/Panama_8046.jpg 750w\" sizes=\"(max-width: 300px) 100vw, 300px\" \/><\/a>\n\t\t\t<\/div><\/figure><figure class='gallery-item'>\n\t\t\t<div class='gallery-icon landscape'>\n\t\t\t\t<a data-elementor-open-lightbox=\"yes\" data-elementor-lightbox-slideshow=\"98a4b0a\" data-elementor-lightbox-title=\"Panama_8047\" data-e-action-hash=\"#elementor-action%3Aaction%3Dlightbox%26settings%3DeyJpZCI6Mjk0NSwidXJsIjoiaHR0cHM6XC9cL3d3dy5zZWRhY2t5YWpuYW1pZXJ1LnNrXC93cC1jb250ZW50XC91cGxvYWRzXC8yMDI1XC8wOVwvUGFuYW1hXzgwNDcuanBnIiwic2xpZGVzaG93IjoiOThhNGIwYSJ9\" href='https:\/\/www.sedackyajnamieru.sk\/wp-content\/uploads\/2025\/09\/Panama_8047.jpg'><img loading=\"lazy\" decoding=\"async\" width=\"300\" height=\"300\" src=\"https:\/\/www.sedackyajnamieru.sk\/wp-content\/uploads\/2025\/09\/Panama_8047-300x300.jpg\" class=\"attachment-medium size-medium\" alt=\"\" srcset=\"https:\/\/www.sedackyajnamieru.sk\/wp-content\/uploads\/2025\/09\/Panama_8047-300x300.jpg 300w, https:\/\/www.sedackyajnamieru.sk\/wp-content\/uploads\/2025\/09\/Panama_8047-150x150.jpg 150w, https:\/\/www.sedackyajnamieru.sk\/wp-content\/uploads\/2025\/09\/Panama_8047-12x12.jpg 12w, https:\/\/www.sedackyajnamieru.sk\/wp-content\/uploads\/2025\/09\/Panama_8047.jpg 750w\" sizes=\"(max-width: 300px) 100vw, 300px\" \/><\/a>\n\t\t\t<\/div><\/figure><figure class='gallery-item'>\n\t\t\t<div class='gallery-icon landscape'>\n\t\t\t\t<a data-elementor-open-lightbox=\"yes\" data-elementor-lightbox-slideshow=\"98a4b0a\" data-elementor-lightbox-title=\"Panama_8050\" data-e-action-hash=\"#elementor-action%3Aaction%3Dlightbox%26settings%3DeyJpZCI6Mjk0NiwidXJsIjoiaHR0cHM6XC9cL3d3dy5zZWRhY2t5YWpuYW1pZXJ1LnNrXC93cC1jb250ZW50XC91cGxvYWRzXC8yMDI1XC8wOVwvUGFuYW1hXzgwNTAuanBnIiwic2xpZGVzaG93IjoiOThhNGIwYSJ9\" href='https:\/\/www.sedackyajnamieru.sk\/wp-content\/uploads\/2025\/09\/Panama_8050.jpg'><img loading=\"lazy\" decoding=\"async\" width=\"300\" height=\"300\" src=\"https:\/\/www.sedackyajnamieru.sk\/wp-content\/uploads\/2025\/09\/Panama_8050-300x300.jpg\" class=\"attachment-medium size-medium\" alt=\"\" srcset=\"https:\/\/www.sedackyajnamieru.sk\/wp-content\/uploads\/2025\/09\/Panama_8050-300x300.jpg 300w, https:\/\/www.sedackyajnamieru.sk\/wp-content\/uploads\/2025\/09\/Panama_8050-150x150.jpg 150w, https:\/\/www.sedackyajnamieru.sk\/wp-content\/uploads\/2025\/09\/Panama_8050-12x12.jpg 12w, https:\/\/www.sedackyajnamieru.sk\/wp-content\/uploads\/2025\/09\/Panama_8050.jpg 750w\" sizes=\"(max-width: 300px) 100vw, 300px\" \/><\/a>\n\t\t\t<\/div><\/figure>\n\t\t<\/div>\n\t\t<\/div>\n\t\t\t\t\t\t<\/div>\n\t\t\t\t<\/div>\n\t\t\t\t<\/div>\n\t\t\t\t\t<\/div>\n\t\t\t\t<\/div>\n\t\t\t\t<\/div>","protected":false},"excerpt":{"rendered":"<p>Panama Ko\u017ea zastaral\u00fdm vzh\u013eadom (vintage), efekt nubuck, \u013eahko vode-odoln\u00e1, hr\u00fabka 1.0 &#8211; 1.2mm. Panama je m\u00e4kk\u00e1, zamatov\u00e1 na dotyk. V\u00fdborn\u00e1 na v\u0161etky typy n\u00e1bytku. Technick\u00e9 parametre Upozor\u0148ujeme v\u00e1s, \u017ee v porovnan\u00ed so skuto\u010dnos\u0165ou m\u00f4\u017eu by\u0165 vo vzork\u00e1ch farebn\u00e9 a odtie\u0148ov\u00e9 odch\u00fdlky<\/p>","protected":false},"author":1,"featured_media":0,"parent":2716,"menu_order":0,"comment_status":"closed","ping_status":"closed","template":"","meta":{"inline_featured_image":false,"site-sidebar-layout":"no-sidebar","site-content-layout":"page-builder","ast-site-content-layout":"default","site-content-style":"default","site-sidebar-style":"default","ast-global-header-display":"","ast-banner-title-visibility":"","ast-main-header-display":"","ast-hfb-above-header-display":"","ast-hfb-below-header-display":"","ast-hfb-mobile-header-display":"","site-post-title":"disabled","ast-breadcrumbs-content":"","ast-featured-img":"disabled","footer-sml-layout":"","theme-transparent-header-meta":"enabled","adv-header-id-meta":"","stick-header-meta":"","header-above-stick-meta":"","header-main-stick-meta":"","header-below-stick-meta":"","astra-migrate-meta-layouts":"default","ast-page-background-enabled":"default","ast-page-background-meta":{"desktop":{"background-color":"","background-image":"","background-repeat":"repeat","background-position":"center center","background-size":"auto","background-attachment":"scroll","background-type":"","background-media":"","overlay-type":"","overlay-color":"","overlay-opacity":"","overlay-gradient":""},"tablet":{"background-color":"","background-image":"","background-repeat":"repeat","background-position":"center center","background-size":"auto","background-attachment":"scroll","background-type":"","background-media":"","overlay-type":"","overlay-color":"","overlay-opacity":"","overlay-gradient":""},"mobile":{"background-color":"","background-image":"","background-repeat":"repeat","background-position":"center center","background-size":"auto","background-attachment":"scroll","background-type":"","background-media":"","overlay-type":"","overlay-color":"","overlay-opacity":"","overlay-gradient":""}},"ast-content-background-meta":{"desktop":{"background-color":"var(--ast-global-color-5)","background-image":"","background-repeat":"repeat","background-position":"center center","background-size":"auto","background-attachment":"scroll","background-type":"","background-media":"","overlay-type":"","overlay-color":"","overlay-opacity":"","overlay-gradient":""},"tablet":{"background-color":"var(--ast-global-color-5)","background-image":"","background-repeat":"repeat","background-position":"center center","background-size":"auto","background-attachment":"scroll","background-type":"","background-media":"","overlay-type":"","overlay-color":"","overlay-opacity":"","overlay-gradient":""},"mobile":{"background-color":"var(--ast-global-color-5)","background-image":"","background-repeat":"repeat","background-position":"center center","background-size":"auto","background-attachment":"scroll","background-type":"","background-media":"","overlay-type":"","overlay-color":"","overlay-opacity":"","overlay-gradient":""}},"footnotes":""},"categories":[],"tags":[],"class_list":["post-2940","page","type-page","status-publish","hentry"],"yoast_head":"<!-- This site is optimized with the Yoast SEO Premium plugin v27.4 (Yoast SEO v27.4) - https:\/\/yoast.com\/product\/yoast-seo-premium-wordpress\/ -->\n<title>Ko\u017ea Panama - Seda\u010dky aj na mieru<\/title>\n<meta name=\"robots\" content=\"index, follow, max-snippet:-1, max-image-preview:large, max-video-preview:-1\" \/>\n<link rel=\"canonical\" href=\"https:\/\/www.sedackyajnamieru.sk\/hu\/potahy\/koza\/koza-panama\/\" \/>\n<meta property=\"og:locale\" content=\"hu_HU\" \/>\n<meta property=\"og:type\" content=\"article\" \/>\n<meta property=\"og:title\" content=\"Ko\u017ea Panama\" \/>\n<meta property=\"og:description\" content=\"Panama Ko\u017ea zastaral\u00fdm vzh\u013eadom (vintage), efekt nubuck, \u013eahko vode-odoln\u00e1, hr\u00fabka 1.0 &#8211; 1.2mm. Panama je m\u00e4kk\u00e1, zamatov\u00e1 na dotyk. V\u00fdborn\u00e1 na v\u0161etky typy n\u00e1bytku. Technick\u00e9 parametre Upozor\u0148ujeme v\u00e1s, \u017ee v porovnan\u00ed so skuto\u010dnos\u0165ou m\u00f4\u017eu by\u0165 vo vzork\u00e1ch farebn\u00e9 a odtie\u0148ov\u00e9 odch\u00fdlky\" \/>\n<meta property=\"og:url\" content=\"https:\/\/www.sedackyajnamieru.sk\/hu\/potahy\/koza\/koza-panama\/\" \/>\n<meta property=\"og:site_name\" content=\"Seda\u010dky aj na mieru\" \/>\n<meta property=\"article:publisher\" content=\"https:\/\/www.facebook.com\/mgtpro\" \/>\n<meta property=\"article:modified_time\" content=\"2025-09-25T09:18:42+00:00\" \/>\n<meta property=\"og:image\" content=\"https:\/\/www.sedackyajnamieru.sk\/wp-content\/uploads\/2025\/09\/Panama_8033-1-300x300.jpg\" \/>\n<meta name=\"twitter:card\" content=\"summary_large_image\" \/>\n<meta name=\"twitter:label1\" content=\"Becs\u00fclt olvas\u00e1si id\u0151\" \/>\n\t<meta name=\"twitter:data1\" content=\"2 perc\" \/>\n<script type=\"application\/ld+json\" class=\"yoast-schema-graph\">{\"@context\":\"https:\\\/\\\/schema.org\",\"@graph\":[{\"@type\":\"WebPage\",\"@id\":\"https:\\\/\\\/www.sedackyajnamieru.sk\\\/potahy\\\/koza\\\/koza-panama\\\/\",\"url\":\"https:\\\/\\\/www.sedackyajnamieru.sk\\\/potahy\\\/koza\\\/koza-panama\\\/\",\"name\":\"Ko\u017ea Panama - Seda\u010dky aj na mieru\",\"isPartOf\":{\"@id\":\"https:\\\/\\\/www.sedackyajnamieru.sk\\\/#website\"},\"primaryImageOfPage\":{\"@id\":\"https:\\\/\\\/www.sedackyajnamieru.sk\\\/potahy\\\/koza\\\/koza-panama\\\/#primaryimage\"},\"image\":{\"@id\":\"https:\\\/\\\/www.sedackyajnamieru.sk\\\/potahy\\\/koza\\\/koza-panama\\\/#primaryimage\"},\"thumbnailUrl\":\"https:\\\/\\\/www.sedackyajnamieru.sk\\\/wp-content\\\/uploads\\\/2025\\\/09\\\/Panama_8033-1-300x300.jpg\",\"datePublished\":\"2025-09-24T20:45:08+00:00\",\"dateModified\":\"2025-09-25T09:18:42+00:00\",\"breadcrumb\":{\"@id\":\"https:\\\/\\\/www.sedackyajnamieru.sk\\\/potahy\\\/koza\\\/koza-panama\\\/#breadcrumb\"},\"inLanguage\":\"hu\",\"potentialAction\":[{\"@type\":\"ReadAction\",\"target\":[\"https:\\\/\\\/www.sedackyajnamieru.sk\\\/potahy\\\/koza\\\/koza-panama\\\/\"]}]},{\"@type\":\"ImageObject\",\"inLanguage\":\"hu\",\"@id\":\"https:\\\/\\\/www.sedackyajnamieru.sk\\\/potahy\\\/koza\\\/koza-panama\\\/#primaryimage\",\"url\":\"https:\\\/\\\/www.sedackyajnamieru.sk\\\/wp-content\\\/uploads\\\/2025\\\/09\\\/Panama_8033-1-300x300.jpg\",\"contentUrl\":\"https:\\\/\\\/www.sedackyajnamieru.sk\\\/wp-content\\\/uploads\\\/2025\\\/09\\\/Panama_8033-1-300x300.jpg\"},{\"@type\":\"BreadcrumbList\",\"@id\":\"https:\\\/\\\/www.sedackyajnamieru.sk\\\/potahy\\\/koza\\\/koza-panama\\\/#breadcrumb\",\"itemListElement\":[{\"@type\":\"ListItem\",\"position\":1,\"name\":\"Domovsk\u00e1 str\u00e1nka\",\"item\":\"https:\\\/\\\/www.sedackyajnamieru.sk\\\/\"},{\"@type\":\"ListItem\",\"position\":2,\"name\":\"Po\u0165ahy\",\"item\":\"https:\\\/\\\/www.sedackyajnamieru.sk\\\/potahy\\\/\"},{\"@type\":\"ListItem\",\"position\":3,\"name\":\"Ko\u017een\u00e9 po\u0165ahy\",\"item\":\"https:\\\/\\\/www.sedackyajnamieru.sk\\\/potahy\\\/koza\\\/\"},{\"@type\":\"ListItem\",\"position\":4,\"name\":\"Ko\u017ea Panama\"}]},{\"@type\":\"WebSite\",\"@id\":\"https:\\\/\\\/www.sedackyajnamieru.sk\\\/#website\",\"url\":\"https:\\\/\\\/www.sedackyajnamieru.sk\\\/\",\"name\":\"Seda\u010dky aj na mieru\",\"description\":\"\",\"publisher\":{\"@id\":\"https:\\\/\\\/www.sedackyajnamieru.sk\\\/#organization\"},\"potentialAction\":[{\"@type\":\"SearchAction\",\"target\":{\"@type\":\"EntryPoint\",\"urlTemplate\":\"https:\\\/\\\/www.sedackyajnamieru.sk\\\/?s={search_term_string}\"},\"query-input\":{\"@type\":\"PropertyValueSpecification\",\"valueRequired\":true,\"valueName\":\"search_term_string\"}}],\"inLanguage\":\"hu\"},{\"@type\":\"Organization\",\"@id\":\"https:\\\/\\\/www.sedackyajnamieru.sk\\\/#organization\",\"name\":\"MGT-PRO s.r.o.\",\"url\":\"https:\\\/\\\/www.sedackyajnamieru.sk\\\/\",\"logo\":{\"@type\":\"ImageObject\",\"inLanguage\":\"hu\",\"@id\":\"https:\\\/\\\/www.sedackyajnamieru.sk\\\/#\\\/schema\\\/logo\\\/image\\\/\",\"url\":\"https:\\\/\\\/www.sedackyajnamieru.sk\\\/wp-content\\\/uploads\\\/2025\\\/06\\\/logo_sofa_mgt-pro.svg\",\"contentUrl\":\"https:\\\/\\\/www.sedackyajnamieru.sk\\\/wp-content\\\/uploads\\\/2025\\\/06\\\/logo_sofa_mgt-pro.svg\",\"width\":31,\"height\":31,\"caption\":\"MGT-PRO s.r.o.\"},\"image\":{\"@id\":\"https:\\\/\\\/www.sedackyajnamieru.sk\\\/#\\\/schema\\\/logo\\\/image\\\/\"},\"sameAs\":[\"https:\\\/\\\/www.facebook.com\\\/mgtpro\",\"https:\\\/\\\/www.instagram.com\\\/mgtsedacky\\\/\"]}]}<\/script>\n<!-- \/ Yoast SEO Premium plugin. -->","yoast_head_json":{"title":"Ko\u017ea Panama - Seda\u010dky aj na mieru","robots":{"index":"index","follow":"follow","max-snippet":"max-snippet:-1","max-image-preview":"max-image-preview:large","max-video-preview":"max-video-preview:-1"},"canonical":"https:\/\/www.sedackyajnamieru.sk\/hu\/potahy\/koza\/koza-panama\/","og_locale":"hu_HU","og_type":"article","og_title":"Ko\u017ea Panama","og_description":"Panama Ko\u017ea zastaral\u00fdm vzh\u013eadom (vintage), efekt nubuck, \u013eahko vode-odoln\u00e1, hr\u00fabka 1.0 &#8211; 1.2mm. Panama je m\u00e4kk\u00e1, zamatov\u00e1 na dotyk. V\u00fdborn\u00e1 na v\u0161etky typy n\u00e1bytku. Technick\u00e9 parametre Upozor\u0148ujeme v\u00e1s, \u017ee v porovnan\u00ed so skuto\u010dnos\u0165ou m\u00f4\u017eu by\u0165 vo vzork\u00e1ch farebn\u00e9 a odtie\u0148ov\u00e9 odch\u00fdlky","og_url":"https:\/\/www.sedackyajnamieru.sk\/hu\/potahy\/koza\/koza-panama\/","og_site_name":"Seda\u010dky aj na mieru","article_publisher":"https:\/\/www.facebook.com\/mgtpro","article_modified_time":"2025-09-25T09:18:42+00:00","og_image":[{"url":"https:\/\/www.sedackyajnamieru.sk\/wp-content\/uploads\/2025\/09\/Panama_8033-1-300x300.jpg","type":"","width":"","height":""}],"twitter_card":"summary_large_image","twitter_misc":{"Becs\u00fclt olvas\u00e1si id\u0151":"2 perc"},"schema":{"@context":"https:\/\/schema.org","@graph":[{"@type":"WebPage","@id":"https:\/\/www.sedackyajnamieru.sk\/potahy\/koza\/koza-panama\/","url":"https:\/\/www.sedackyajnamieru.sk\/potahy\/koza\/koza-panama\/","name":"Ko\u017ea Panama - Seda\u010dky aj na mieru","isPartOf":{"@id":"https:\/\/www.sedackyajnamieru.sk\/#website"},"primaryImageOfPage":{"@id":"https:\/\/www.sedackyajnamieru.sk\/potahy\/koza\/koza-panama\/#primaryimage"},"image":{"@id":"https:\/\/www.sedackyajnamieru.sk\/potahy\/koza\/koza-panama\/#primaryimage"},"thumbnailUrl":"https:\/\/www.sedackyajnamieru.sk\/wp-content\/uploads\/2025\/09\/Panama_8033-1-300x300.jpg","datePublished":"2025-09-24T20:45:08+00:00","dateModified":"2025-09-25T09:18:42+00:00","breadcrumb":{"@id":"https:\/\/www.sedackyajnamieru.sk\/potahy\/koza\/koza-panama\/#breadcrumb"},"inLanguage":"hu","potentialAction":[{"@type":"ReadAction","target":["https:\/\/www.sedackyajnamieru.sk\/potahy\/koza\/koza-panama\/"]}]},{"@type":"ImageObject","inLanguage":"hu","@id":"https:\/\/www.sedackyajnamieru.sk\/potahy\/koza\/koza-panama\/#primaryimage","url":"https:\/\/www.sedackyajnamieru.sk\/wp-content\/uploads\/2025\/09\/Panama_8033-1-300x300.jpg","contentUrl":"https:\/\/www.sedackyajnamieru.sk\/wp-content\/uploads\/2025\/09\/Panama_8033-1-300x300.jpg"},{"@type":"BreadcrumbList","@id":"https:\/\/www.sedackyajnamieru.sk\/potahy\/koza\/koza-panama\/#breadcrumb","itemListElement":[{"@type":"ListItem","position":1,"name":"Domovsk\u00e1 str\u00e1nka","item":"https:\/\/www.sedackyajnamieru.sk\/"},{"@type":"ListItem","position":2,"name":"Po\u0165ahy","item":"https:\/\/www.sedackyajnamieru.sk\/potahy\/"},{"@type":"ListItem","position":3,"name":"Ko\u017een\u00e9 po\u0165ahy","item":"https:\/\/www.sedackyajnamieru.sk\/potahy\/koza\/"},{"@type":"ListItem","position":4,"name":"Ko\u017ea Panama"}]},{"@type":"WebSite","@id":"https:\/\/www.sedackyajnamieru.sk\/#website","url":"https:\/\/www.sedackyajnamieru.sk\/","name":"M\u00e9retre gy\u00e1rtott kanap\u00e9k","description":"","publisher":{"@id":"https:\/\/www.sedackyajnamieru.sk\/#organization"},"potentialAction":[{"@type":"SearchAction","target":{"@type":"EntryPoint","urlTemplate":"https:\/\/www.sedackyajnamieru.sk\/?s={search_term_string}"},"query-input":{"@type":"PropertyValueSpecification","valueRequired":true,"valueName":"search_term_string"}}],"inLanguage":"hu"},{"@type":"Organization","@id":"https:\/\/www.sedackyajnamieru.sk\/#organization","name":"MGT-PRO s.r.o.","url":"https:\/\/www.sedackyajnamieru.sk\/","logo":{"@type":"ImageObject","inLanguage":"hu","@id":"https:\/\/www.sedackyajnamieru.sk\/#\/schema\/logo\/image\/","url":"https:\/\/www.sedackyajnamieru.sk\/wp-content\/uploads\/2025\/06\/logo_sofa_mgt-pro.svg","contentUrl":"https:\/\/www.sedackyajnamieru.sk\/wp-content\/uploads\/2025\/06\/logo_sofa_mgt-pro.svg","width":31,"height":31,"caption":"MGT-PRO s.r.o."},"image":{"@id":"https:\/\/www.sedackyajnamieru.sk\/#\/schema\/logo\/image\/"},"sameAs":["https:\/\/www.facebook.com\/mgtpro","https:\/\/www.instagram.com\/mgtsedacky\/"]}]}},"_links":{"self":[{"href":"https:\/\/www.sedackyajnamieru.sk\/hu\/wp-json\/wp\/v2\/pages\/2940","targetHints":{"allow":["GET"]}}],"collection":[{"href":"https:\/\/www.sedackyajnamieru.sk\/hu\/wp-json\/wp\/v2\/pages"}],"about":[{"href":"https:\/\/www.sedackyajnamieru.sk\/hu\/wp-json\/wp\/v2\/types\/page"}],"author":[{"embeddable":true,"href":"https:\/\/www.sedackyajnamieru.sk\/hu\/wp-json\/wp\/v2\/users\/1"}],"replies":[{"embeddable":true,"href":"https:\/\/www.sedackyajnamieru.sk\/hu\/wp-json\/wp\/v2\/comments?post=2940"}],"version-history":[{"count":13,"href":"https:\/\/www.sedackyajnamieru.sk\/hu\/wp-json\/wp\/v2\/pages\/2940\/revisions"}],"predecessor-version":[{"id":3126,"href":"https:\/\/www.sedackyajnamieru.sk\/hu\/wp-json\/wp\/v2\/pages\/2940\/revisions\/3126"}],"up":[{"embeddable":true,"href":"https:\/\/www.sedackyajnamieru.sk\/hu\/wp-json\/wp\/v2\/pages\/2716"}],"wp:attachment":[{"href":"https:\/\/www.sedackyajnamieru.sk\/hu\/wp-json\/wp\/v2\/media?parent=2940"}],"wp:term":[{"taxonomy":"category","embeddable":true,"href":"https:\/\/www.sedackyajnamieru.sk\/hu\/wp-json\/wp\/v2\/categories?post=2940"},{"taxonomy":"post_tag","embeddable":true,"href":"https:\/\/www.sedackyajnamieru.sk\/hu\/wp-json\/wp\/v2\/tags?post=2940"}],"curies":[{"name":"wp","href":"https:\/\/api.w.org\/{rel}","templated":true}]}}