{"id":530,"date":"2025-06-11T10:03:26","date_gmt":"2025-06-11T10:03:26","guid":{"rendered":"https:\/\/www.sedackyajnamieru.sk\/wordpress\/index.php\/product-2\/"},"modified":"2025-09-18T12:05:40","modified_gmt":"2025-09-18T12:05:40","slug":"produkty","status":"publish","type":"page","link":"https:\/\/www.sedackyajnamieru.sk\/hu\/produkty\/","title":{"rendered":"Term\u00e9kek"},"content":{"rendered":"<div data-elementor-type=\"wp-post\" data-elementor-id=\"530\" class=\"elementor elementor-530\" data-elementor-post-type=\"page\">\n\t\t\t\t<div class=\"elementor-element elementor-element-2e69e6d e-grid e-con-full e-con e-parent\" data-id=\"2e69e6d\" data-element_type=\"container\" data-e-type=\"container\">\n\t\t<a class=\"elementor-element elementor-element-df0edc2 e-flex e-con-boxed e-con e-child\" data-id=\"df0edc2\" data-element_type=\"container\" data-e-type=\"container\" data-settings=\"{&quot;background_background&quot;:&quot;classic&quot;}\" href=\"https:\/\/www.sedackyajnamieru.sk\/hu\/sedacky\/\">\n\t\t\t\t\t<div class=\"e-con-inner\">\n\t\t\t\t<div class=\"elementor-element elementor-element-84147eb elementor-widget elementor-widget-heading\" data-id=\"84147eb\" data-element_type=\"widget\" data-e-type=\"widget\" data-widget_type=\"heading.default\">\n\t\t\t\t<div class=\"elementor-widget-container\">\n\t\t\t\t\t<h1 class=\"elementor-heading-title elementor-size-default\">Kanap\u00e9k<\/h1>\t\t\t\t<\/div>\n\t\t\t\t<\/div>\n\t\t\t\t\t<\/div>\n\t\t\t\t<\/a>\n\t\t<a class=\"elementor-element elementor-element-8ddc7ad e-flex e-con-boxed e-con e-child\" data-id=\"8ddc7ad\" data-element_type=\"container\" data-e-type=\"container\" data-settings=\"{&quot;background_background&quot;:&quot;classic&quot;}\" href=\"https:\/\/www.sedackyajnamieru.sk\/hu\/produkty\/postele\/\">\n\t\t\t\t\t<div class=\"e-con-inner\">\n\t\t\t\t<div class=\"elementor-element elementor-element-23ab946 elementor-widget elementor-widget-heading\" data-id=\"23ab946\" data-element_type=\"widget\" data-e-type=\"widget\" data-widget_type=\"heading.default\">\n\t\t\t\t<div class=\"elementor-widget-container\">\n\t\t\t\t\t<h1 class=\"elementor-heading-title elementor-size-default\">\u00c1gyak<\/h1>\t\t\t\t<\/div>\n\t\t\t\t<\/div>\n\t\t\t\t\t<\/div>\n\t\t\t\t<\/a>\n\t\t\t\t<\/div>\n\t\t<div class=\"elementor-element elementor-element-2f65c6e e-grid e-con-full e-con e-parent\" data-id=\"2f65c6e\" data-element_type=\"container\" data-e-type=\"container\">\n\t\t<a class=\"elementor-element elementor-element-5ecfd4b e-con-full e-flex e-con e-child\" data-id=\"5ecfd4b\" data-element_type=\"container\" data-e-type=\"container\" data-settings=\"{&quot;background_background&quot;:&quot;classic&quot;}\">\n\t\t\t\t<div class=\"elementor-element elementor-element-a7aaeda elementor-widget elementor-widget-heading\" data-id=\"a7aaeda\" data-element_type=\"widget\" data-e-type=\"widget\" data-widget_type=\"heading.default\">\n\t\t\t\t<div class=\"elementor-widget-container\">\n\t\t\t\t\t<h1 class=\"elementor-heading-title elementor-size-default\">Kieg\u00e9sz\u00edt\u0151k<\/h1>\t\t\t\t<\/div>\n\t\t\t\t<\/div>\n\t\t\t\t<\/a>\n\t\t<div class=\"elementor-element elementor-element-07c7cdf e-con-full e-flex e-con e-child\" data-id=\"07c7cdf\" data-element_type=\"container\" data-e-type=\"container\" data-settings=\"{&quot;background_background&quot;:&quot;classic&quot;}\">\n\t\t\t\t<div class=\"elementor-element elementor-element-2f99df1 elementor-widget elementor-widget-heading\" data-id=\"2f99df1\" data-element_type=\"widget\" data-e-type=\"widget\" data-widget_type=\"heading.default\">\n\t\t\t\t<div class=\"elementor-widget-container\">\n\t\t\t\t\t<h1 class=\"elementor-heading-title elementor-size-default\">B\u00fatorl\u00e1bak<\/h1>\t\t\t\t<\/div>\n\t\t\t\t<\/div>\n\t\t\t\t<\/div>\n\t\t\t\t<\/div>\n\t\t\t\t<\/div>","protected":false},"excerpt":{"rendered":"<p>Seda\u010dky Postele Doplnky Nohy<\/p>","protected":false},"author":1,"featured_media":0,"parent":0,"menu_order":0,"comment_status":"closed","ping_status":"closed","template":"","meta":{"inline_featured_image":false,"site-sidebar-layout":"no-sidebar","site-content-layout":"page-builder","ast-site-content-layout":"default","site-content-style":"default","site-sidebar-style":"default","ast-global-header-display":"","ast-banner-title-visibility":"","ast-main-header-display":"","ast-hfb-above-header-display":"","ast-hfb-below-header-display":"","ast-hfb-mobile-header-display":"","site-post-title":"disabled","ast-breadcrumbs-content":"","ast-featured-img":"disabled","footer-sml-layout":"","theme-transparent-header-meta":"enabled","adv-header-id-meta":"","stick-header-meta":"","header-above-stick-meta":"","header-main-stick-meta":"","header-below-stick-meta":"","astra-migrate-meta-layouts":"default","ast-page-background-enabled":"default","ast-page-background-meta":{"desktop":{"background-color":"","background-image":"","background-repeat":"repeat","background-position":"center center","background-size":"auto","background-attachment":"scroll","background-type":"","background-media":"","overlay-type":"","overlay-color":"","overlay-opacity":"","overlay-gradient":""},"tablet":{"background-color":"","background-image":"","background-repeat":"repeat","background-position":"center center","background-size":"auto","background-attachment":"scroll","background-type":"","background-media":"","overlay-type":"","overlay-color":"","overlay-opacity":"","overlay-gradient":""},"mobile":{"background-color":"","background-image":"","background-repeat":"repeat","background-position":"center center","background-size":"auto","background-attachment":"scroll","background-type":"","background-media":"","overlay-type":"","overlay-color":"","overlay-opacity":"","overlay-gradient":""}},"ast-content-background-meta":{"desktop":{"background-color":"var(--ast-global-color-5)","background-image":"","background-repeat":"repeat","background-position":"center center","background-size":"auto","background-attachment":"scroll","background-type":"","background-media":"","overlay-type":"","overlay-color":"","overlay-opacity":"","overlay-gradient":""},"tablet":{"background-color":"var(--ast-global-color-5)","background-image":"","background-repeat":"repeat","background-position":"center center","background-size":"auto","background-attachment":"scroll","background-type":"","background-media":"","overlay-type":"","overlay-color":"","overlay-opacity":"","overlay-gradient":""},"mobile":{"background-color":"var(--ast-global-color-5)","background-image":"","background-repeat":"repeat","background-position":"center center","background-size":"auto","background-attachment":"scroll","background-type":"","background-media":"","overlay-type":"","overlay-color":"","overlay-opacity":"","overlay-gradient":""}},"footnotes":""},"categories":[],"tags":[],"class_list":["post-530","page","type-page","status-publish","hentry"],"yoast_head":"<!-- This site is optimized with the Yoast SEO Premium plugin v27.3 (Yoast SEO v27.3) - https:\/\/yoast.com\/product\/yoast-seo-premium-wordpress\/ -->\n<title>Produkty - Seda\u010dky aj na mieru<\/title>\n<meta name=\"robots\" content=\"index, follow, max-snippet:-1, max-image-preview:large, max-video-preview:-1\" \/>\n<link rel=\"canonical\" href=\"https:\/\/www.sedackyajnamieru.sk\/hu\/produkty\/\" \/>\n<meta property=\"og:locale\" content=\"hu_HU\" \/>\n<meta property=\"og:type\" content=\"article\" \/>\n<meta property=\"og:title\" content=\"Produkty\" \/>\n<meta property=\"og:description\" content=\"Seda\u010dky Postele Doplnky Nohy\" \/>\n<meta property=\"og:url\" content=\"https:\/\/www.sedackyajnamieru.sk\/hu\/produkty\/\" \/>\n<meta property=\"og:site_name\" content=\"Seda\u010dky aj na mieru\" \/>\n<meta property=\"article:publisher\" content=\"https:\/\/www.facebook.com\/mgtpro\" \/>\n<meta property=\"article:modified_time\" content=\"2025-09-18T12:05:40+00:00\" \/>\n<meta name=\"twitter:card\" content=\"summary_large_image\" \/>\n<meta name=\"twitter:label1\" content=\"Becs\u00fclt olvas\u00e1si id\u0151\" \/>\n\t<meta name=\"twitter:data1\" content=\"2 perc\" \/>\n<script type=\"application\/ld+json\" class=\"yoast-schema-graph\">{\"@context\":\"https:\\\/\\\/schema.org\",\"@graph\":[{\"@type\":\"WebPage\",\"@id\":\"https:\\\/\\\/www.sedackyajnamieru.sk\\\/produkty\\\/\",\"url\":\"https:\\\/\\\/www.sedackyajnamieru.sk\\\/produkty\\\/\",\"name\":\"Produkty - Seda\u010dky aj na mieru\",\"isPartOf\":{\"@id\":\"https:\\\/\\\/www.sedackyajnamieru.sk\\\/#website\"},\"datePublished\":\"2025-06-11T10:03:26+00:00\",\"dateModified\":\"2025-09-18T12:05:40+00:00\",\"breadcrumb\":{\"@id\":\"https:\\\/\\\/www.sedackyajnamieru.sk\\\/produkty\\\/#breadcrumb\"},\"inLanguage\":\"hu\",\"potentialAction\":[{\"@type\":\"ReadAction\",\"target\":[\"https:\\\/\\\/www.sedackyajnamieru.sk\\\/produkty\\\/\"]}]},{\"@type\":\"BreadcrumbList\",\"@id\":\"https:\\\/\\\/www.sedackyajnamieru.sk\\\/produkty\\\/#breadcrumb\",\"itemListElement\":[{\"@type\":\"ListItem\",\"position\":1,\"name\":\"Domovsk\u00e1 str\u00e1nka\",\"item\":\"https:\\\/\\\/www.sedackyajnamieru.sk\\\/\"},{\"@type\":\"ListItem\",\"position\":2,\"name\":\"Produkty\"}]},{\"@type\":\"WebSite\",\"@id\":\"https:\\\/\\\/www.sedackyajnamieru.sk\\\/#website\",\"url\":\"https:\\\/\\\/www.sedackyajnamieru.sk\\\/\",\"name\":\"Seda\u010dky aj na mieru\",\"description\":\"\",\"publisher\":{\"@id\":\"https:\\\/\\\/www.sedackyajnamieru.sk\\\/#organization\"},\"potentialAction\":[{\"@type\":\"SearchAction\",\"target\":{\"@type\":\"EntryPoint\",\"urlTemplate\":\"https:\\\/\\\/www.sedackyajnamieru.sk\\\/?s={search_term_string}\"},\"query-input\":{\"@type\":\"PropertyValueSpecification\",\"valueRequired\":true,\"valueName\":\"search_term_string\"}}],\"inLanguage\":\"hu\"},{\"@type\":\"Organization\",\"@id\":\"https:\\\/\\\/www.sedackyajnamieru.sk\\\/#organization\",\"name\":\"MGT-PRO s.r.o.\",\"url\":\"https:\\\/\\\/www.sedackyajnamieru.sk\\\/\",\"logo\":{\"@type\":\"ImageObject\",\"inLanguage\":\"hu\",\"@id\":\"https:\\\/\\\/www.sedackyajnamieru.sk\\\/#\\\/schema\\\/logo\\\/image\\\/\",\"url\":\"https:\\\/\\\/www.sedackyajnamieru.sk\\\/wp-content\\\/uploads\\\/2025\\\/06\\\/logo_sofa_mgt-pro.svg\",\"contentUrl\":\"https:\\\/\\\/www.sedackyajnamieru.sk\\\/wp-content\\\/uploads\\\/2025\\\/06\\\/logo_sofa_mgt-pro.svg\",\"width\":31,\"height\":31,\"caption\":\"MGT-PRO s.r.o.\"},\"image\":{\"@id\":\"https:\\\/\\\/www.sedackyajnamieru.sk\\\/#\\\/schema\\\/logo\\\/image\\\/\"},\"sameAs\":[\"https:\\\/\\\/www.facebook.com\\\/mgtpro\",\"https:\\\/\\\/www.instagram.com\\\/mgtsedacky\\\/\"]}]}<\/script>\n<!-- \/ Yoast SEO Premium plugin. -->","yoast_head_json":{"title":"Produkty - Seda\u010dky aj na mieru","robots":{"index":"index","follow":"follow","max-snippet":"max-snippet:-1","max-image-preview":"max-image-preview:large","max-video-preview":"max-video-preview:-1"},"canonical":"https:\/\/www.sedackyajnamieru.sk\/hu\/produkty\/","og_locale":"hu_HU","og_type":"article","og_title":"Produkty","og_description":"Seda\u010dky Postele Doplnky Nohy","og_url":"https:\/\/www.sedackyajnamieru.sk\/hu\/produkty\/","og_site_name":"Seda\u010dky aj na mieru","article_publisher":"https:\/\/www.facebook.com\/mgtpro","article_modified_time":"2025-09-18T12:05:40+00:00","twitter_card":"summary_large_image","twitter_misc":{"Becs\u00fclt olvas\u00e1si id\u0151":"2 perc"},"schema":{"@context":"https:\/\/schema.org","@graph":[{"@type":"WebPage","@id":"https:\/\/www.sedackyajnamieru.sk\/produkty\/","url":"https:\/\/www.sedackyajnamieru.sk\/produkty\/","name":"Produkty - Seda\u010dky aj na mieru","isPartOf":{"@id":"https:\/\/www.sedackyajnamieru.sk\/#website"},"datePublished":"2025-06-11T10:03:26+00:00","dateModified":"2025-09-18T12:05:40+00:00","breadcrumb":{"@id":"https:\/\/www.sedackyajnamieru.sk\/produkty\/#breadcrumb"},"inLanguage":"hu","potentialAction":[{"@type":"ReadAction","target":["https:\/\/www.sedackyajnamieru.sk\/produkty\/"]}]},{"@type":"BreadcrumbList","@id":"https:\/\/www.sedackyajnamieru.sk\/produkty\/#breadcrumb","itemListElement":[{"@type":"ListItem","position":1,"name":"Domovsk\u00e1 str\u00e1nka","item":"https:\/\/www.sedackyajnamieru.sk\/"},{"@type":"ListItem","position":2,"name":"Produkty"}]},{"@type":"WebSite","@id":"https:\/\/www.sedackyajnamieru.sk\/#website","url":"https:\/\/www.sedackyajnamieru.sk\/","name":"M\u00e9retre gy\u00e1rtott kanap\u00e9k","description":"","publisher":{"@id":"https:\/\/www.sedackyajnamieru.sk\/#organization"},"potentialAction":[{"@type":"SearchAction","target":{"@type":"EntryPoint","urlTemplate":"https:\/\/www.sedackyajnamieru.sk\/?s={search_term_string}"},"query-input":{"@type":"PropertyValueSpecification","valueRequired":true,"valueName":"search_term_string"}}],"inLanguage":"hu"},{"@type":"Organization","@id":"https:\/\/www.sedackyajnamieru.sk\/#organization","name":"MGT-PRO s.r.o.","url":"https:\/\/www.sedackyajnamieru.sk\/","logo":{"@type":"ImageObject","inLanguage":"hu","@id":"https:\/\/www.sedackyajnamieru.sk\/#\/schema\/logo\/image\/","url":"https:\/\/www.sedackyajnamieru.sk\/wp-content\/uploads\/2025\/06\/logo_sofa_mgt-pro.svg","contentUrl":"https:\/\/www.sedackyajnamieru.sk\/wp-content\/uploads\/2025\/06\/logo_sofa_mgt-pro.svg","width":31,"height":31,"caption":"MGT-PRO s.r.o."},"image":{"@id":"https:\/\/www.sedackyajnamieru.sk\/#\/schema\/logo\/image\/"},"sameAs":["https:\/\/www.facebook.com\/mgtpro","https:\/\/www.instagram.com\/mgtsedacky\/"]}]}},"_links":{"self":[{"href":"https:\/\/www.sedackyajnamieru.sk\/hu\/wp-json\/wp\/v2\/pages\/530","targetHints":{"allow":["GET"]}}],"collection":[{"href":"https:\/\/www.sedackyajnamieru.sk\/hu\/wp-json\/wp\/v2\/pages"}],"about":[{"href":"https:\/\/www.sedackyajnamieru.sk\/hu\/wp-json\/wp\/v2\/types\/page"}],"author":[{"embeddable":true,"href":"https:\/\/www.sedackyajnamieru.sk\/hu\/wp-json\/wp\/v2\/users\/1"}],"replies":[{"embeddable":true,"href":"https:\/\/www.sedackyajnamieru.sk\/hu\/wp-json\/wp\/v2\/comments?post=530"}],"version-history":[{"count":40,"href":"https:\/\/www.sedackyajnamieru.sk\/hu\/wp-json\/wp\/v2\/pages\/530\/revisions"}],"predecessor-version":[{"id":2470,"href":"https:\/\/www.sedackyajnamieru.sk\/hu\/wp-json\/wp\/v2\/pages\/530\/revisions\/2470"}],"wp:attachment":[{"href":"https:\/\/www.sedackyajnamieru.sk\/hu\/wp-json\/wp\/v2\/media?parent=530"}],"wp:term":[{"taxonomy":"category","embeddable":true,"href":"https:\/\/www.sedackyajnamieru.sk\/hu\/wp-json\/wp\/v2\/categories?post=530"},{"taxonomy":"post_tag","embeddable":true,"href":"https:\/\/www.sedackyajnamieru.sk\/hu\/wp-json\/wp\/v2\/tags?post=530"}],"curies":[{"name":"wp","href":"https:\/\/api.w.org\/{rel}","templated":true}]}}